{"id":1422,"date":"2021-08-02T18:11:53","date_gmt":"2021-08-02T18:11:53","guid":{"rendered":"https:\/\/linkpublicadjusters.com\/tornado-damage\/"},"modified":"2021-09-16T16:42:17","modified_gmt":"2021-09-16T16:42:17","slug":"danos-por-tornado","status":"publish","type":"page","link":"https:\/\/linkpublicadjusters.com\/es\/danos-por-tornado\/","title":{"rendered":"Da\u00f1os por Tornado"},"content":{"rendered":"\t\t<div data-elementor-type=\"wp-page\" data-elementor-id=\"1422\" class=\"elementor elementor-1422\" data-elementor-settings=\"[]\">\n\t\t\t\t\t\t\t<div class=\"elementor-section-wrap\">\n\t\t\t\t\t\t\t<section class=\"elementor-section elementor-top-section elementor-element elementor-element-a62715e elementor-section-stretched elementor-section-full_width elementor-section-height-default elementor-section-height-default\" data-id=\"a62715e\" data-element_type=\"section\" data-settings=\"{&quot;stretch_section&quot;:&quot;section-stretched&quot;,&quot;background_background&quot;:&quot;classic&quot;}\">\n\t\t\t\t\t\t<div class=\"elementor-container elementor-column-gap-wider\">\n\t\t\t\t\t<div class=\"elementor-column elementor-col-50 elementor-top-column elementor-element elementor-element-75e84ec\" data-id=\"75e84ec\" data-element_type=\"column\">\n\t\t\t<div class=\"elementor-widget-wrap elementor-element-populated\">\n\t\t\t\t\t\t\t\t<div class=\"elementor-element elementor-element-30a03cc elementor-widget elementor-widget-text-editor\" data-id=\"30a03cc\" data-element_type=\"widget\" data-widget_type=\"text-editor.default\">\n\t\t\t\t<div class=\"elementor-widget-container\">\n\t\t\t<style>\/*! elementor - v3.5.3 - 28-12-2021 *\/\n.elementor-widget-text-editor.elementor-drop-cap-view-stacked .elementor-drop-cap{background-color:#818a91;color:#fff}.elementor-widget-text-editor.elementor-drop-cap-view-framed .elementor-drop-cap{color:#818a91;border:3px solid;background-color:transparent}.elementor-widget-text-editor:not(.elementor-drop-cap-view-default) .elementor-drop-cap{margin-top:8px}.elementor-widget-text-editor:not(.elementor-drop-cap-view-default) .elementor-drop-cap-letter{width:1em;height:1em}.elementor-widget-text-editor .elementor-drop-cap{float:left;text-align:center;line-height:1;font-size:50px}.elementor-widget-text-editor .elementor-drop-cap-letter{display:inline-block}<\/style>\t\t\t\tReclamaciones de seguros por da\u00f1os causados por tornados\t\t\t\t\t\t<\/div>\n\t\t\t\t<\/div>\n\t\t\t\t<section class=\"elementor-section elementor-inner-section elementor-element elementor-element-48d3aa1 elementor-section-boxed elementor-section-height-default elementor-section-height-default\" data-id=\"48d3aa1\" data-element_type=\"section\">\n\t\t\t\t\t\t<div class=\"elementor-container elementor-column-gap-default\">\n\t\t\t\t\t<div class=\"elementor-column elementor-col-100 elementor-inner-column elementor-element elementor-element-be56b38\" data-id=\"be56b38\" data-element_type=\"column\">\n\t\t\t<div class=\"elementor-widget-wrap elementor-element-populated\">\n\t\t\t\t\t\t\t\t<div class=\"elementor-element elementor-element-197f29d elementor-widget elementor-widget-text-editor\" data-id=\"197f29d\" data-element_type=\"widget\" data-widget_type=\"text-editor.default\">\n\t\t\t\t<div class=\"elementor-widget-container\">\n\t\t\t\t\t\t\t<p>Cuando la mayor\u00eda de la gente piensa en tornados y en sus da\u00f1os, piensa en el Medio Oeste. Sin embargo, Florida tambi\u00e9n tiene su cuota de tornados y da\u00f1os por tornados.<\/p><p>Las tormentas el\u00e9ctricas crean violentas columnas de aire que se extienden desde las nubes hasta el suelo, creando importantes da\u00f1os en pr\u00e1cticamente todo lo que encuentran a su paso. Algunos de los tornados m\u00e1s violentos llegan a producir vientos de m\u00e1s de 200 millas por hora.<\/p>\t\t\t\t\t\t<\/div>\n\t\t\t\t<\/div>\n\t\t\t\t\t<\/div>\n\t\t<\/div>\n\t\t\t\t\t\t\t<\/div>\n\t\t<\/section>\n\t\t\t\t<div class=\"elementor-element elementor-element-551239e elementor-align-left elementor-widget elementor-widget-button\" data-id=\"551239e\" data-element_type=\"widget\" data-widget_type=\"button.default\">\n\t\t\t\t<div class=\"elementor-widget-container\">\n\t\t\t\t\t<div class=\"elementor-button-wrapper\">\n\t\t\t<a href=\"tel:8665221049\" class=\"elementor-button-link elementor-button elementor-size-sm\" role=\"button\">\n\t\t\t\t\t\t<span class=\"elementor-button-content-wrapper\">\n\t\t\t\t\t\t<span class=\"elementor-button-text\">LLAMA AHORA<\/span>\n\t\t<\/span>\n\t\t\t\t\t<\/a>\n\t\t<\/div>\n\t\t\t\t<\/div>\n\t\t\t\t<\/div>\n\t\t\t\t\t<\/div>\n\t\t<\/div>\n\t\t\t\t<div class=\"elementor-column elementor-col-50 elementor-top-column elementor-element elementor-element-5765cc3\" data-id=\"5765cc3\" data-element_type=\"column\">\n\t\t\t<div class=\"elementor-widget-wrap elementor-element-populated\">\n\t\t\t\t\t\t\t\t<div class=\"elementor-element elementor-element-3098786 elementor-widget elementor-widget-image\" data-id=\"3098786\" data-element_type=\"widget\" data-widget_type=\"image.default\">\n\t\t\t\t<div class=\"elementor-widget-container\">\n\t\t\t<style>\/*! elementor - v3.5.3 - 28-12-2021 *\/\n.elementor-widget-image{text-align:center}.elementor-widget-image a{display:inline-block}.elementor-widget-image a img[src$=\".svg\"]{width:48px}.elementor-widget-image img{vertical-align:middle;display:inline-block}<\/style>\t\t\t\t\t\t\t\t\t\t\t\t<img decoding=\"async\" src=\"https:\/\/linkpublicadjusters.com\/wp-content\/uploads\/elementor\/thumbs\/Tornado-Damage-Link-pb19mqakn2ng8s88yszwlqavmauuete66vrik0lbwc.jpg\" title=\"Tornado-Damage-Link\" alt=\"tornado damage\" \/>\t\t\t\t\t\t\t\t\t\t\t\t\t\t\t<\/div>\n\t\t\t\t<\/div>\n\t\t\t\t\t<\/div>\n\t\t<\/div>\n\t\t\t\t\t\t\t<\/div>\n\t\t<\/section>\n\t\t\t\t<section class=\"elementor-section elementor-top-section elementor-element elementor-element-ca0825d elementor-section-stretched elementor-hidden-phone elementor-section-boxed elementor-section-height-default elementor-section-height-default\" data-id=\"ca0825d\" data-element_type=\"section\" data-settings=\"{&quot;stretch_section&quot;:&quot;section-stretched&quot;,&quot;background_background&quot;:&quot;classic&quot;}\">\n\t\t\t\t\t\t\t<div class=\"elementor-background-overlay\"><\/div>\n\t\t\t\t\t\t\t<div class=\"elementor-container elementor-column-gap-default\">\n\t\t\t\t\t<div class=\"elementor-column elementor-col-50 elementor-top-column elementor-element elementor-element-a418886\" data-id=\"a418886\" data-element_type=\"column\">\n\t\t\t<div class=\"elementor-widget-wrap elementor-element-populated\">\n\t\t\t\t\t\t\t\t<div class=\"elementor-element elementor-element-73f945c elementor-widget elementor-widget-image\" data-id=\"73f945c\" data-element_type=\"widget\" data-widget_type=\"image.default\">\n\t\t\t\t<div class=\"elementor-widget-container\">\n\t\t\t\t\t\t\t\t\t\t\t\t\t\t\t<img decoding=\"async\" src=\"https:\/\/linkpublicadjusters.com\/wp-content\/uploads\/elementor\/thumbs\/Hire-Public-Adjuster-pcdvobce7583ogu12i836apf1yxh2x3k8gp2fnjql4.jpg\" title=\"Hire-Public-Adjuster\" alt=\"reading a contract\" \/>\t\t\t\t\t\t\t\t\t\t\t\t\t\t\t<\/div>\n\t\t\t\t<\/div>\n\t\t\t\t\t<\/div>\n\t\t<\/div>\n\t\t\t\t<div class=\"elementor-column elementor-col-50 elementor-top-column elementor-element elementor-element-c0097be\" data-id=\"c0097be\" data-element_type=\"column\">\n\t\t\t<div class=\"elementor-widget-wrap elementor-element-populated\">\n\t\t\t\t\t\t\t\t<div class=\"elementor-element elementor-element-1601789 elementor-widget elementor-widget-text-editor\" data-id=\"1601789\" data-element_type=\"widget\" data-widget_type=\"text-editor.default\">\n\t\t\t\t<div class=\"elementor-widget-container\">\n\t\t\t\t\t\t\tContratar a un ajustador p\u00fablico\t\t\t\t\t\t<\/div>\n\t\t\t\t<\/div>\n\t\t\t\t<div class=\"elementor-element elementor-element-a859de6 elementor-widget elementor-widget-text-editor\" data-id=\"a859de6\" data-element_type=\"widget\" data-widget_type=\"text-editor.default\">\n\t\t\t\t<div class=\"elementor-widget-container\">\n\t\t\t\t\t\t\t<p>Los floridanos no s\u00f3lo se enfrentan a los tornados en tierra, sino tambi\u00e9n desde el agua. Las trombas de agua se forman sobre el agua y a menudo se acercan a la tierra en su camino de destrucci\u00f3n.\u00a0<\/p><p>Estos focos de tormenta son imprevisibles y probablemente se desplazar\u00e1n por una zona con rapidez. Aunque su destrucci\u00f3n puede no durar mucho tiempo, un tornado puede dejar una devastaci\u00f3n completa a su paso, recorriendo barrios y da\u00f1ando gravemente partes enteras de una ciudad.<\/p><p>Los da\u00f1os causados por los tornados pueden dejar a los residentes sin sus casas o negocios en cuesti\u00f3n de segundos. Cuando llega el momento de que los residentes se pongan en contacto con la compa\u00f1\u00eda de seguros para presentar o hacer el seguimiento de una reclamaci\u00f3n, tambi\u00e9n pueden descubrir que el proceso no siempre es tan r\u00e1pido como les gustar\u00eda<\/p><p>Nuestro equipo se esfuerza por ayudar a los floridanos con sus reclamaciones de seguro por da\u00f1os causados por tornados, ya que ayudamos a analizar y resolver la situaci\u00f3n con prontitud. Para saber m\u00e1s sobre un ajustador p\u00fablico de nuestro equipo y c\u00f3mo pueden ayudarle, \u00a1contacte con nosotros hoy mismo!<\/p>\t\t\t\t\t\t<\/div>\n\t\t\t\t<\/div>\n\t\t\t\t\t<\/div>\n\t\t<\/div>\n\t\t\t\t\t\t\t<\/div>\n\t\t<\/section>\n\t\t\t\t<section class=\"elementor-section elementor-top-section elementor-element elementor-element-6727f25 elementor-section-stretched elementor-hidden-desktop elementor-hidden-tablet elementor-section-boxed elementor-section-height-default elementor-section-height-default\" data-id=\"6727f25\" data-element_type=\"section\" data-settings=\"{&quot;stretch_section&quot;:&quot;section-stretched&quot;,&quot;background_background&quot;:&quot;classic&quot;}\">\n\t\t\t\t\t\t\t<div class=\"elementor-background-overlay\"><\/div>\n\t\t\t\t\t\t\t<div class=\"elementor-container elementor-column-gap-default\">\n\t\t\t\t\t<div class=\"elementor-column elementor-col-50 elementor-top-column elementor-element elementor-element-9031ccb\" data-id=\"9031ccb\" data-element_type=\"column\">\n\t\t\t<div class=\"elementor-widget-wrap elementor-element-populated\">\n\t\t\t\t\t\t\t\t<div class=\"elementor-element elementor-element-f4c9086 elementor-widget elementor-widget-text-editor\" data-id=\"f4c9086\" data-element_type=\"widget\" data-widget_type=\"text-editor.default\">\n\t\t\t\t<div class=\"elementor-widget-container\">\n\t\t\t\t\t\t\tContratar a un ajustador p\u00fablico\t\t\t\t\t\t<\/div>\n\t\t\t\t<\/div>\n\t\t\t\t<div class=\"elementor-element elementor-element-54ce726 elementor-widget elementor-widget-text-editor\" data-id=\"54ce726\" data-element_type=\"widget\" data-widget_type=\"text-editor.default\">\n\t\t\t\t<div class=\"elementor-widget-container\">\n\t\t\t\t\t\t\t<p>Los floridanos no s\u00f3lo se enfrentan a los tornados en tierra, sino tambi\u00e9n desde el agua. Las trombas de agua se forman sobre el agua y a menudo se acercan a la tierra en su camino de destrucci\u00f3n.\u00a0<\/p><p>Estos focos de tormenta son imprevisibles y probablemente se desplazar\u00e1n por una zona con rapidez. Aunque su destrucci\u00f3n puede no durar mucho tiempo, un tornado puede dejar una devastaci\u00f3n completa a su paso, recorriendo barrios y da\u00f1ando gravemente partes enteras de una ciudad.<\/p><p>Los da\u00f1os causados por los tornados pueden dejar a los residentes sin sus casas o negocios en cuesti\u00f3n de segundos. Cuando llega el momento de que los residentes se pongan en contacto con la compa\u00f1\u00eda de seguros para presentar o hacer el seguimiento de una reclamaci\u00f3n, tambi\u00e9n pueden descubrir que el proceso no siempre es tan r\u00e1pido como les gustar\u00eda<\/p><p>Nuestro equipo se esfuerza por ayudar a los floridanos con sus reclamaciones de seguro por da\u00f1os causados por tornados, ya que ayudamos a analizar y resolver la situaci\u00f3n con prontitud. Para saber m\u00e1s sobre un ajustador p\u00fablico de nuestro equipo y c\u00f3mo pueden ayudarle, \u00a1contacte con nosotros hoy mismo!<\/p>\t\t\t\t\t\t<\/div>\n\t\t\t\t<\/div>\n\t\t\t\t\t<\/div>\n\t\t<\/div>\n\t\t\t\t<div class=\"elementor-column elementor-col-50 elementor-top-column elementor-element elementor-element-9ba18f8\" data-id=\"9ba18f8\" data-element_type=\"column\">\n\t\t\t<div class=\"elementor-widget-wrap elementor-element-populated\">\n\t\t\t\t\t\t\t\t<div class=\"elementor-element elementor-element-577ee35 elementor-widget elementor-widget-image\" data-id=\"577ee35\" data-element_type=\"widget\" data-widget_type=\"image.default\">\n\t\t\t\t<div class=\"elementor-widget-container\">\n\t\t\t\t\t\t\t\t\t\t\t\t\t\t\t<img decoding=\"async\" src=\"https:\/\/linkpublicadjusters.com\/wp-content\/uploads\/elementor\/thumbs\/Hire-Public-Adjuster-pcdvobce756tn4tdtc71zb2w6tf0po5ee4bxvhv1qm.jpg\" title=\"Hire-Public-Adjuster\" alt=\"reading a contract\" \/>\t\t\t\t\t\t\t\t\t\t\t\t\t\t\t<\/div>\n\t\t\t\t<\/div>\n\t\t\t\t\t<\/div>\n\t\t<\/div>\n\t\t\t\t\t\t\t<\/div>\n\t\t<\/section>\n\t\t\t\t<section class=\"elementor-section elementor-top-section elementor-element elementor-element-d22aa13 elementor-section-stretched elementor-section-boxed elementor-section-height-default elementor-section-height-default\" data-id=\"d22aa13\" data-element_type=\"section\" data-settings=\"{&quot;stretch_section&quot;:&quot;section-stretched&quot;,&quot;background_background&quot;:&quot;gradient&quot;}\">\n\t\t\t\t\t\t<div class=\"elementor-container elementor-column-gap-wider\">\n\t\t\t\t\t<div class=\"elementor-column elementor-col-50 elementor-top-column elementor-element elementor-element-8a2e037\" data-id=\"8a2e037\" data-element_type=\"column\">\n\t\t\t<div class=\"elementor-widget-wrap elementor-element-populated\">\n\t\t\t\t\t\t\t\t<div class=\"elementor-element elementor-element-c6d6893 elementor-widget elementor-widget-text-editor\" data-id=\"c6d6893\" data-element_type=\"widget\" data-widget_type=\"text-editor.default\">\n\t\t\t\t<div class=\"elementor-widget-container\">\n\t\t\t\t\t\t\t\u00a1Obt\u00e9n el pago que te mereces!\t\t\t\t\t\t<\/div>\n\t\t\t\t<\/div>\n\t\t\t\t<div class=\"elementor-element elementor-element-fa33216 elementor-widget elementor-widget-text-editor\" data-id=\"fa33216\" data-element_type=\"widget\" data-widget_type=\"text-editor.default\">\n\t\t\t\t<div class=\"elementor-widget-container\">\n\t\t\t\t\t\t\t<p>Ayudar a los clientes con sus p\u00e9rdidas, <strong>incluso cuando son inesperadas<\/strong><\/p>\t\t\t\t\t\t<\/div>\n\t\t\t\t<\/div>\n\t\t\t\t\t<\/div>\n\t\t<\/div>\n\t\t\t\t<div class=\"elementor-column elementor-col-50 elementor-top-column elementor-element elementor-element-9384657\" data-id=\"9384657\" data-element_type=\"column\">\n\t\t\t<div class=\"elementor-widget-wrap elementor-element-populated\">\n\t\t\t\t\t\t\t\t<section class=\"elementor-section elementor-inner-section elementor-element elementor-element-3b9273c elementor-section-boxed elementor-section-height-default elementor-section-height-default\" data-id=\"3b9273c\" data-element_type=\"section\">\n\t\t\t\t\t\t<div class=\"elementor-container elementor-column-gap-default\">\n\t\t\t\t\t<div class=\"elementor-column elementor-col-50 elementor-inner-column elementor-element elementor-element-e7fc6c9\" data-id=\"e7fc6c9\" data-element_type=\"column\">\n\t\t\t<div class=\"elementor-widget-wrap elementor-element-populated\">\n\t\t\t\t\t\t\t\t<div class=\"elementor-element elementor-element-aa3d92e elementor-mobile-align-justify elementor-align-justify elementor-widget elementor-widget-button\" data-id=\"aa3d92e\" data-element_type=\"widget\" data-widget_type=\"button.default\">\n\t\t\t\t<div class=\"elementor-widget-container\">\n\t\t\t\t\t<div class=\"elementor-button-wrapper\">\n\t\t\t<a href=\"tel:8665221049\" class=\"elementor-button-link elementor-button elementor-size-sm\" role=\"button\">\n\t\t\t\t\t\t<span class=\"elementor-button-content-wrapper\">\n\t\t\t\t\t\t<span class=\"elementor-button-text\">LLAMA AHORA<\/span>\n\t\t<\/span>\n\t\t\t\t\t<\/a>\n\t\t<\/div>\n\t\t\t\t<\/div>\n\t\t\t\t<\/div>\n\t\t\t\t\t<\/div>\n\t\t<\/div>\n\t\t\t\t<div class=\"elementor-column elementor-col-50 elementor-inner-column elementor-element elementor-element-d66dc93\" data-id=\"d66dc93\" data-element_type=\"column\">\n\t\t\t<div class=\"elementor-widget-wrap elementor-element-populated\">\n\t\t\t\t\t\t\t\t<div class=\"elementor-element elementor-element-df78df4 elementor-mobile-align-justify elementor-align-justify elementor-widget elementor-widget-button\" data-id=\"df78df4\" data-element_type=\"widget\" data-widget_type=\"button.default\">\n\t\t\t\t<div class=\"elementor-widget-container\">\n\t\t\t\t\t<div class=\"elementor-button-wrapper\">\n\t\t\t<a href=\"https:\/\/linkpublicadjusters.com\/es\/#consulta-gratis\" class=\"elementor-button-link elementor-button elementor-size-sm\" role=\"button\">\n\t\t\t\t\t\t<span class=\"elementor-button-content-wrapper\">\n\t\t\t\t\t\t<span class=\"elementor-button-text\">CONSULTACI\u00d3N<\/span>\n\t\t<\/span>\n\t\t\t\t\t<\/a>\n\t\t<\/div>\n\t\t\t\t<\/div>\n\t\t\t\t<\/div>\n\t\t\t\t\t<\/div>\n\t\t<\/div>\n\t\t\t\t\t\t\t<\/div>\n\t\t<\/section>\n\t\t\t\t\t<\/div>\n\t\t<\/div>\n\t\t\t\t\t\t\t<\/div>\n\t\t<\/section>\n\t\t\t\t\t\t<\/div>\n\t\t\t\t\t<\/div>\n\t\t","protected":false},"excerpt":{"rendered":"<p>Reclamaciones de seguros por da\u00f1os causados por tornados Cuando la mayor\u00eda de la gente piensa en tornados y en sus da\u00f1os, piensa en el Medio Oeste.<span class=\"excerpt-hellip\"> [\u2026]<\/span><\/p>\n","protected":false},"author":3,"featured_media":0,"parent":0,"menu_order":0,"comment_status":"closed","ping_status":"closed","template":"","meta":{"footnotes":""},"class_list":["post-1422","page","type-page","status-publish","hentry"],"yoast_head":"<!-- This site is optimized with the Yoast SEO plugin v18.1 - https:\/\/yoast.com\/wordpress\/plugins\/seo\/ -->\n<title>Da\u00f1os por Tornado - Link Public Adjusting Group<\/title>\n<meta name=\"robots\" content=\"index, follow, max-snippet:-1, max-image-preview:large, max-video-preview:-1\" \/>\n<link rel=\"canonical\" href=\"https:\/\/linkpublicadjusters.com\/es\/danos-por-tornado\/\" \/>\n<meta property=\"og:locale\" content=\"es_ES\" \/>\n<meta property=\"og:type\" content=\"article\" \/>\n<meta property=\"og:title\" content=\"Da\u00f1os por Tornado - Link Public Adjusting Group\" \/>\n<meta property=\"og:description\" content=\"Reclamaciones de seguros por da\u00f1os causados por tornados Cuando la mayor\u00eda de la gente piensa en tornados y en sus da\u00f1os, piensa en el Medio Oeste. [\u2026]\" \/>\n<meta property=\"og:url\" content=\"https:\/\/linkpublicadjusters.com\/es\/danos-por-tornado\/\" \/>\n<meta property=\"og:site_name\" content=\"Link Public Adjusting Group\" \/>\n<meta property=\"article:publisher\" content=\"https:\/\/www.facebook.com\/LinkPublicAdjusting\/\" \/>\n<meta property=\"article:modified_time\" content=\"2021-09-16T16:42:17+00:00\" \/>\n<meta property=\"og:image\" content=\"https:\/\/linkpublicadjusters.com\/wp-content\/uploads\/elementor\/thumbs\/Tornado-Damage-Link-pb19mqakn2ng8s88yszwlqavmauuete66vrik0lbwc.jpg\" \/>\n<meta name=\"twitter:card\" content=\"summary_large_image\" \/>\n<meta name=\"twitter:label1\" content=\"Tiempo de lectura\" \/>\n\t<meta name=\"twitter:data1\" content=\"3 minutos\" \/>\n<script type=\"application\/ld+json\" class=\"yoast-schema-graph\">{\"@context\":\"https:\/\/schema.org\",\"@graph\":[{\"@type\":\"Organization\",\"@id\":\"https:\/\/linkpublicadjusters.com\/#organization\",\"name\":\"Link Public Adjusters Group\",\"url\":\"https:\/\/linkpublicadjusters.com\/\",\"sameAs\":[\"https:\/\/www.facebook.com\/LinkPublicAdjusting\/\",\"https:\/\/www.instagram.com\/linkpublicadjusting\/\"],\"logo\":{\"@type\":\"ImageObject\",\"@id\":\"https:\/\/linkpublicadjusters.com\/#logo\",\"inLanguage\":\"es\",\"url\":\"https:\/\/linkpublicadjusters.com\/wp-content\/uploads\/2022\/02\/Link-PA-Logo.png\",\"contentUrl\":\"https:\/\/linkpublicadjusters.com\/wp-content\/uploads\/2022\/02\/Link-PA-Logo.png\",\"width\":1000,\"height\":352,\"caption\":\"Link Public Adjusters Group\"},\"image\":{\"@id\":\"https:\/\/linkpublicadjusters.com\/#logo\"}},{\"@type\":\"WebSite\",\"@id\":\"https:\/\/linkpublicadjusters.com\/#website\",\"url\":\"https:\/\/linkpublicadjusters.com\/\",\"name\":\"Link Public Adjusting Group\",\"description\":\"Just another WordPress site\",\"publisher\":{\"@id\":\"https:\/\/linkpublicadjusters.com\/#organization\"},\"potentialAction\":[{\"@type\":\"SearchAction\",\"target\":{\"@type\":\"EntryPoint\",\"urlTemplate\":\"https:\/\/linkpublicadjusters.com\/?s={search_term_string}\"},\"query-input\":\"required name=search_term_string\"}],\"inLanguage\":\"es\"},{\"@type\":\"ImageObject\",\"@id\":\"https:\/\/linkpublicadjusters.com\/es\/danos-por-tornado\/#primaryimage\",\"inLanguage\":\"es\",\"url\":\"https:\/\/linkpublicadjusters.com\/wp-content\/uploads\/elementor\/thumbs\/Tornado-Damage-Link-pb19mqakn2ng8s88yszwlqavmauuete66vrik0lbwc.jpg\",\"contentUrl\":\"https:\/\/linkpublicadjusters.com\/wp-content\/uploads\/elementor\/thumbs\/Tornado-Damage-Link-pb19mqakn2ng8s88yszwlqavmauuete66vrik0lbwc.jpg\"},{\"@type\":\"WebPage\",\"@id\":\"https:\/\/linkpublicadjusters.com\/es\/danos-por-tornado\/#webpage\",\"url\":\"https:\/\/linkpublicadjusters.com\/es\/danos-por-tornado\/\",\"name\":\"Da\u00f1os por Tornado - Link Public Adjusting Group\",\"isPartOf\":{\"@id\":\"https:\/\/linkpublicadjusters.com\/#website\"},\"primaryImageOfPage\":{\"@id\":\"https:\/\/linkpublicadjusters.com\/es\/danos-por-tornado\/#primaryimage\"},\"datePublished\":\"2021-08-02T18:11:53+00:00\",\"dateModified\":\"2021-09-16T16:42:17+00:00\",\"breadcrumb\":{\"@id\":\"https:\/\/linkpublicadjusters.com\/es\/danos-por-tornado\/#breadcrumb\"},\"inLanguage\":\"es\",\"potentialAction\":[{\"@type\":\"ReadAction\",\"target\":[\"https:\/\/linkpublicadjusters.com\/es\/danos-por-tornado\/\"]}]},{\"@type\":\"BreadcrumbList\",\"@id\":\"https:\/\/linkpublicadjusters.com\/es\/danos-por-tornado\/#breadcrumb\",\"itemListElement\":[{\"@type\":\"ListItem\",\"position\":1,\"name\":\"Home\",\"item\":\"https:\/\/linkpublicadjusters.com\/es\/\"},{\"@type\":\"ListItem\",\"position\":2,\"name\":\"Da\u00f1os por Tornado\"}]}]}<\/script>\n<!-- \/ Yoast SEO plugin. -->","yoast_head_json":{"title":"Da\u00f1os por Tornado - Link Public Adjusting Group","robots":{"index":"index","follow":"follow","max-snippet":"max-snippet:-1","max-image-preview":"max-image-preview:large","max-video-preview":"max-video-preview:-1"},"canonical":"https:\/\/linkpublicadjusters.com\/es\/danos-por-tornado\/","og_locale":"es_ES","og_type":"article","og_title":"Da\u00f1os por Tornado - Link Public Adjusting Group","og_description":"Reclamaciones de seguros por da\u00f1os causados por tornados Cuando la mayor\u00eda de la gente piensa en tornados y en sus da\u00f1os, piensa en el Medio Oeste. [\u2026]","og_url":"https:\/\/linkpublicadjusters.com\/es\/danos-por-tornado\/","og_site_name":"Link Public Adjusting Group","article_publisher":"https:\/\/www.facebook.com\/LinkPublicAdjusting\/","article_modified_time":"2021-09-16T16:42:17+00:00","og_image":[{"url":"https:\/\/linkpublicadjusters.com\/wp-content\/uploads\/elementor\/thumbs\/Tornado-Damage-Link-pb19mqakn2ng8s88yszwlqavmauuete66vrik0lbwc.jpg"}],"twitter_card":"summary_large_image","twitter_misc":{"Tiempo de lectura":"3 minutos"},"schema":{"@context":"https:\/\/schema.org","@graph":[{"@type":"Organization","@id":"https:\/\/linkpublicadjusters.com\/#organization","name":"Link Public Adjusters Group","url":"https:\/\/linkpublicadjusters.com\/","sameAs":["https:\/\/www.facebook.com\/LinkPublicAdjusting\/","https:\/\/www.instagram.com\/linkpublicadjusting\/"],"logo":{"@type":"ImageObject","@id":"https:\/\/linkpublicadjusters.com\/#logo","inLanguage":"es","url":"https:\/\/linkpublicadjusters.com\/wp-content\/uploads\/2022\/02\/Link-PA-Logo.png","contentUrl":"https:\/\/linkpublicadjusters.com\/wp-content\/uploads\/2022\/02\/Link-PA-Logo.png","width":1000,"height":352,"caption":"Link Public Adjusters Group"},"image":{"@id":"https:\/\/linkpublicadjusters.com\/#logo"}},{"@type":"WebSite","@id":"https:\/\/linkpublicadjusters.com\/#website","url":"https:\/\/linkpublicadjusters.com\/","name":"Link Public Adjusting Group","description":"Just another WordPress site","publisher":{"@id":"https:\/\/linkpublicadjusters.com\/#organization"},"potentialAction":[{"@type":"SearchAction","target":{"@type":"EntryPoint","urlTemplate":"https:\/\/linkpublicadjusters.com\/?s={search_term_string}"},"query-input":"required name=search_term_string"}],"inLanguage":"es"},{"@type":"ImageObject","@id":"https:\/\/linkpublicadjusters.com\/es\/danos-por-tornado\/#primaryimage","inLanguage":"es","url":"https:\/\/linkpublicadjusters.com\/wp-content\/uploads\/elementor\/thumbs\/Tornado-Damage-Link-pb19mqakn2ng8s88yszwlqavmauuete66vrik0lbwc.jpg","contentUrl":"https:\/\/linkpublicadjusters.com\/wp-content\/uploads\/elementor\/thumbs\/Tornado-Damage-Link-pb19mqakn2ng8s88yszwlqavmauuete66vrik0lbwc.jpg"},{"@type":"WebPage","@id":"https:\/\/linkpublicadjusters.com\/es\/danos-por-tornado\/#webpage","url":"https:\/\/linkpublicadjusters.com\/es\/danos-por-tornado\/","name":"Da\u00f1os por Tornado - Link Public Adjusting Group","isPartOf":{"@id":"https:\/\/linkpublicadjusters.com\/#website"},"primaryImageOfPage":{"@id":"https:\/\/linkpublicadjusters.com\/es\/danos-por-tornado\/#primaryimage"},"datePublished":"2021-08-02T18:11:53+00:00","dateModified":"2021-09-16T16:42:17+00:00","breadcrumb":{"@id":"https:\/\/linkpublicadjusters.com\/es\/danos-por-tornado\/#breadcrumb"},"inLanguage":"es","potentialAction":[{"@type":"ReadAction","target":["https:\/\/linkpublicadjusters.com\/es\/danos-por-tornado\/"]}]},{"@type":"BreadcrumbList","@id":"https:\/\/linkpublicadjusters.com\/es\/danos-por-tornado\/#breadcrumb","itemListElement":[{"@type":"ListItem","position":1,"name":"Home","item":"https:\/\/linkpublicadjusters.com\/es\/"},{"@type":"ListItem","position":2,"name":"Da\u00f1os por Tornado"}]}]}},"_links":{"self":[{"href":"https:\/\/linkpublicadjusters.com\/es\/wp-json\/wp\/v2\/pages\/1422","targetHints":{"allow":["GET"]}}],"collection":[{"href":"https:\/\/linkpublicadjusters.com\/es\/wp-json\/wp\/v2\/pages"}],"about":[{"href":"https:\/\/linkpublicadjusters.com\/es\/wp-json\/wp\/v2\/types\/page"}],"author":[{"embeddable":true,"href":"https:\/\/linkpublicadjusters.com\/es\/wp-json\/wp\/v2\/users\/3"}],"replies":[{"embeddable":true,"href":"https:\/\/linkpublicadjusters.com\/es\/wp-json\/wp\/v2\/comments?post=1422"}],"version-history":[{"count":21,"href":"https:\/\/linkpublicadjusters.com\/es\/wp-json\/wp\/v2\/pages\/1422\/revisions"}],"predecessor-version":[{"id":2213,"href":"https:\/\/linkpublicadjusters.com\/es\/wp-json\/wp\/v2\/pages\/1422\/revisions\/2213"}],"wp:attachment":[{"href":"https:\/\/linkpublicadjusters.com\/es\/wp-json\/wp\/v2\/media?parent=1422"}],"curies":[{"name":"wp","href":"https:\/\/api.w.org\/{rel}","templated":true}]}}