{"id":1394,"date":"2021-08-02T17:20:53","date_gmt":"2021-08-02T17:20:53","guid":{"rendered":"https:\/\/linkpublicadjusters.com\/broken-pipes\/"},"modified":"2021-09-16T16:39:46","modified_gmt":"2021-09-16T16:39:46","slug":"tuberias-rotas","status":"publish","type":"page","link":"https:\/\/linkpublicadjusters.com\/es\/tuberias-rotas\/","title":{"rendered":"Tuber\u00edas Rotas"},"content":{"rendered":"\t\t<div data-elementor-type=\"wp-page\" data-elementor-id=\"1394\" class=\"elementor elementor-1394\" data-elementor-settings=\"[]\">\n\t\t\t\t\t\t\t<div class=\"elementor-section-wrap\">\n\t\t\t\t\t\t\t<section class=\"elementor-section elementor-top-section elementor-element elementor-element-a62715e elementor-section-stretched elementor-section-full_width elementor-section-height-default elementor-section-height-default\" data-id=\"a62715e\" data-element_type=\"section\" data-settings=\"{&quot;stretch_section&quot;:&quot;section-stretched&quot;,&quot;background_background&quot;:&quot;classic&quot;}\">\n\t\t\t\t\t\t<div class=\"elementor-container elementor-column-gap-wider\">\n\t\t\t\t\t<div class=\"elementor-column elementor-col-50 elementor-top-column elementor-element elementor-element-75e84ec\" data-id=\"75e84ec\" data-element_type=\"column\">\n\t\t\t<div class=\"elementor-widget-wrap elementor-element-populated\">\n\t\t\t\t\t\t\t\t<div class=\"elementor-element elementor-element-30a03cc elementor-widget elementor-widget-text-editor\" data-id=\"30a03cc\" data-element_type=\"widget\" data-widget_type=\"text-editor.default\">\n\t\t\t\t<div class=\"elementor-widget-container\">\n\t\t\t<style>\/*! elementor - v3.5.3 - 28-12-2021 *\/\n.elementor-widget-text-editor.elementor-drop-cap-view-stacked .elementor-drop-cap{background-color:#818a91;color:#fff}.elementor-widget-text-editor.elementor-drop-cap-view-framed .elementor-drop-cap{color:#818a91;border:3px solid;background-color:transparent}.elementor-widget-text-editor:not(.elementor-drop-cap-view-default) .elementor-drop-cap{margin-top:8px}.elementor-widget-text-editor:not(.elementor-drop-cap-view-default) .elementor-drop-cap-letter{width:1em;height:1em}.elementor-widget-text-editor .elementor-drop-cap{float:left;text-align:center;line-height:1;font-size:50px}.elementor-widget-text-editor .elementor-drop-cap-letter{display:inline-block}<\/style>\t\t\t\t<p>Rotura de tuber\u00edas &#8211; Ajuste y consulta<\/p>\t\t\t\t\t\t<\/div>\n\t\t\t\t<\/div>\n\t\t\t\t<section class=\"elementor-section elementor-inner-section elementor-element elementor-element-48d3aa1 elementor-section-boxed elementor-section-height-default elementor-section-height-default\" data-id=\"48d3aa1\" data-element_type=\"section\">\n\t\t\t\t\t\t<div class=\"elementor-container elementor-column-gap-default\">\n\t\t\t\t\t<div class=\"elementor-column elementor-col-100 elementor-inner-column elementor-element elementor-element-be56b38\" data-id=\"be56b38\" data-element_type=\"column\">\n\t\t\t<div class=\"elementor-widget-wrap elementor-element-populated\">\n\t\t\t\t\t\t\t\t<div class=\"elementor-element elementor-element-197f29d elementor-widget elementor-widget-text-editor\" data-id=\"197f29d\" data-element_type=\"widget\" data-widget_type=\"text-editor.default\">\n\t\t\t\t<div class=\"elementor-widget-container\">\n\t\t\t\t\t\t\t<p>Diversas circunstancias pueden provocar fugas y roturas en las tuber\u00edas de su propiedad. La presi\u00f3n del agua puede cambiar, y otras cosas como las tormentas, las inundaciones e incluso los da\u00f1os f\u00edsicos pueden provocar fugas o roturas en las tuber\u00edas que da\u00f1en gravemente su propiedad.<\/p><p>Las peque\u00f1as fugas pueden pasar desapercibidas durante mucho tiempo mientras siguen deteriorando las estructuras circundantes. Algunas tuber\u00edas rotas pueden incluso seguir goteando debido a los da\u00f1os que usted no nota mientras arruinan los electrodom\u00e9sticos, las alfombras, los tapetes y otros art\u00edculos personales de su casa o propiedad comercial.<\/p><p>Cada hogar y negocio que sufre da\u00f1os por agua debido a tuber\u00edas rotas puede resultar da\u00f1ado. El arreglo y la sustituci\u00f3n de los elementos, adem\u00e1s de las posesiones, sigue siendo \u00fanico en cada situaci\u00f3n y var\u00eda significativamente.<\/p>\t\t\t\t\t\t<\/div>\n\t\t\t\t<\/div>\n\t\t\t\t\t<\/div>\n\t\t<\/div>\n\t\t\t\t\t\t\t<\/div>\n\t\t<\/section>\n\t\t\t\t<div class=\"elementor-element elementor-element-551239e elementor-align-left elementor-widget elementor-widget-button\" data-id=\"551239e\" data-element_type=\"widget\" data-widget_type=\"button.default\">\n\t\t\t\t<div class=\"elementor-widget-container\">\n\t\t\t\t\t<div class=\"elementor-button-wrapper\">\n\t\t\t<a href=\"tel:8665221049\" class=\"elementor-button-link elementor-button elementor-size-sm\" role=\"button\">\n\t\t\t\t\t\t<span class=\"elementor-button-content-wrapper\">\n\t\t\t\t\t\t<span class=\"elementor-button-text\">LLAMA AHORA<\/span>\n\t\t<\/span>\n\t\t\t\t\t<\/a>\n\t\t<\/div>\n\t\t\t\t<\/div>\n\t\t\t\t<\/div>\n\t\t\t\t\t<\/div>\n\t\t<\/div>\n\t\t\t\t<div class=\"elementor-column elementor-col-50 elementor-top-column elementor-element elementor-element-5765cc3\" data-id=\"5765cc3\" data-element_type=\"column\">\n\t\t\t<div class=\"elementor-widget-wrap elementor-element-populated\">\n\t\t\t\t\t\t\t\t<div class=\"elementor-element elementor-element-3098786 elementor-widget elementor-widget-image\" data-id=\"3098786\" data-element_type=\"widget\" data-widget_type=\"image.default\">\n\t\t\t\t<div class=\"elementor-widget-container\">\n\t\t\t<style>\/*! elementor - v3.5.3 - 28-12-2021 *\/\n.elementor-widget-image{text-align:center}.elementor-widget-image a{display:inline-block}.elementor-widget-image a img[src$=\".svg\"]{width:48px}.elementor-widget-image img{vertical-align:middle;display:inline-block}<\/style>\t\t\t\t\t\t\t\t\t\t\t\t<img decoding=\"async\" src=\"https:\/\/linkpublicadjusters.com\/wp-content\/uploads\/elementor\/thumbs\/Broken-Pipes-Link-pb17lncb9sn0hf2fdv42avvpohyvhs7uc4r4cg07rg.jpg\" title=\"Broken-Pipes-Link\" alt=\"Broken Pipes\" \/>\t\t\t\t\t\t\t\t\t\t\t\t\t\t\t<\/div>\n\t\t\t\t<\/div>\n\t\t\t\t\t<\/div>\n\t\t<\/div>\n\t\t\t\t\t\t\t<\/div>\n\t\t<\/section>\n\t\t\t\t<section class=\"elementor-section elementor-top-section elementor-element elementor-element-ca0825d elementor-section-stretched elementor-hidden-phone elementor-section-boxed elementor-section-height-default elementor-section-height-default\" data-id=\"ca0825d\" data-element_type=\"section\" data-settings=\"{&quot;stretch_section&quot;:&quot;section-stretched&quot;,&quot;background_background&quot;:&quot;classic&quot;}\">\n\t\t\t\t\t\t\t<div class=\"elementor-background-overlay\"><\/div>\n\t\t\t\t\t\t\t<div class=\"elementor-container elementor-column-gap-default\">\n\t\t\t\t\t<div class=\"elementor-column elementor-col-50 elementor-top-column elementor-element elementor-element-a418886\" data-id=\"a418886\" data-element_type=\"column\">\n\t\t\t<div class=\"elementor-widget-wrap elementor-element-populated\">\n\t\t\t\t\t\t\t\t<div class=\"elementor-element elementor-element-73f945c elementor-widget elementor-widget-image\" data-id=\"73f945c\" data-element_type=\"widget\" data-widget_type=\"image.default\">\n\t\t\t\t<div class=\"elementor-widget-container\">\n\t\t\t\t\t\t\t\t\t\t\t\t\t\t\t<img decoding=\"async\" src=\"https:\/\/linkpublicadjusters.com\/wp-content\/uploads\/elementor\/thumbs\/Hire-Public-Adjuster-pcdvobce757j7vhqqfjmn6veo4h9t14dmz78ep0rjk.jpg\" title=\"Hire-Public-Adjuster\" alt=\"reading a contract\" \/>\t\t\t\t\t\t\t\t\t\t\t\t\t\t\t<\/div>\n\t\t\t\t<\/div>\n\t\t\t\t\t<\/div>\n\t\t<\/div>\n\t\t\t\t<div class=\"elementor-column elementor-col-50 elementor-top-column elementor-element elementor-element-c0097be\" data-id=\"c0097be\" data-element_type=\"column\">\n\t\t\t<div class=\"elementor-widget-wrap elementor-element-populated\">\n\t\t\t\t\t\t\t\t<div class=\"elementor-element elementor-element-1601789 elementor-widget elementor-widget-text-editor\" data-id=\"1601789\" data-element_type=\"widget\" data-widget_type=\"text-editor.default\">\n\t\t\t\t<div class=\"elementor-widget-container\">\n\t\t\t\t\t\t\tRotura de Tuber\u00edas \u2013 Ajustador P\u00fablico\t\t\t\t\t\t<\/div>\n\t\t\t\t<\/div>\n\t\t\t\t<div class=\"elementor-element elementor-element-a859de6 elementor-widget elementor-widget-text-editor\" data-id=\"a859de6\" data-element_type=\"widget\" data-widget_type=\"text-editor.default\">\n\t\t\t\t<div class=\"elementor-widget-container\">\n\t\t\t\t\t\t\t<p>En \u00faltima instancia, no importa c\u00f3mo se hayan da\u00f1ado las tuber\u00edas; los costes resultantes pueden resultar caros r\u00e1pidamente. Si experimenta da\u00f1os por agua en su propiedad residencial o comercial causados por tuber\u00edas rotas, puede parecer que las cosas no pueden empeorar hasta que se ponga en contacto con su proveedor de seguros.<\/p><p>Nuestro equipo de ajustadores y asesores se esfuerza por ayudar a nuestros clientes con sus reclamaciones de seguros por rotura de tuber\u00edas, al tiempo que trabaja con las compa\u00f1\u00edas de seguros para ayudar a encontrar la mejor soluci\u00f3n posible para devolver las propiedades a su estado anterior al siniestro.<\/p><p>Si su casa o negocio sufre da\u00f1os debido a una fuga continua que no fue detectada o a una ruptura repentina, p\u00f3ngase en contacto con nuestro equipo. Podemos ofrecerle soluciones para sus necesidades \u00fanicas de recuperaci\u00f3n.<\/p>\t\t\t\t\t\t<\/div>\n\t\t\t\t<\/div>\n\t\t\t\t\t<\/div>\n\t\t<\/div>\n\t\t\t\t\t\t\t<\/div>\n\t\t<\/section>\n\t\t\t\t<section class=\"elementor-section elementor-top-section elementor-element elementor-element-6727f25 elementor-section-stretched elementor-hidden-desktop elementor-hidden-tablet elementor-section-boxed elementor-section-height-default elementor-section-height-default\" data-id=\"6727f25\" data-element_type=\"section\" data-settings=\"{&quot;stretch_section&quot;:&quot;section-stretched&quot;,&quot;background_background&quot;:&quot;classic&quot;}\">\n\t\t\t\t\t\t\t<div class=\"elementor-background-overlay\"><\/div>\n\t\t\t\t\t\t\t<div class=\"elementor-container elementor-column-gap-default\">\n\t\t\t\t\t<div class=\"elementor-column elementor-col-50 elementor-top-column elementor-element elementor-element-9031ccb\" data-id=\"9031ccb\" data-element_type=\"column\">\n\t\t\t<div class=\"elementor-widget-wrap elementor-element-populated\">\n\t\t\t\t\t\t\t\t<div class=\"elementor-element elementor-element-f4c9086 elementor-widget elementor-widget-text-editor\" data-id=\"f4c9086\" data-element_type=\"widget\" data-widget_type=\"text-editor.default\">\n\t\t\t\t<div class=\"elementor-widget-container\">\n\t\t\t\t\t\t\tRotura de Tuber\u00edas \u2013 Ajustador P\u00fablico\t\t\t\t\t\t<\/div>\n\t\t\t\t<\/div>\n\t\t\t\t<div class=\"elementor-element elementor-element-54ce726 elementor-widget elementor-widget-text-editor\" data-id=\"54ce726\" data-element_type=\"widget\" data-widget_type=\"text-editor.default\">\n\t\t\t\t<div class=\"elementor-widget-container\">\n\t\t\t\t\t\t\t<p>En \u00faltima instancia, no importa c\u00f3mo se hayan da\u00f1ado las tuber\u00edas; los costes resultantes pueden resultar caros r\u00e1pidamente. Si experimenta da\u00f1os por agua en su propiedad residencial o comercial causados por tuber\u00edas rotas, puede parecer que las cosas no pueden empeorar hasta que se ponga en contacto con su proveedor de seguros.<\/p><p>Nuestro equipo de ajustadores y asesores se esfuerza por ayudar a nuestros clientes con sus reclamaciones de seguros por rotura de tuber\u00edas, al tiempo que trabaja con las compa\u00f1\u00edas de seguros para ayudar a encontrar la mejor soluci\u00f3n posible para devolver las propiedades a su estado anterior al siniestro.<\/p><p>Si su casa o negocio sufre da\u00f1os debido a una fuga continua que no fue detectada o a una ruptura repentina, p\u00f3ngase en contacto con nuestro equipo. Podemos ofrecerle soluciones para sus necesidades \u00fanicas de recuperaci\u00f3n.<\/p>\t\t\t\t\t\t<\/div>\n\t\t\t\t<\/div>\n\t\t\t\t\t<\/div>\n\t\t<\/div>\n\t\t\t\t<div class=\"elementor-column elementor-col-50 elementor-top-column elementor-element elementor-element-9ba18f8\" data-id=\"9ba18f8\" data-element_type=\"column\">\n\t\t\t<div class=\"elementor-widget-wrap elementor-element-populated\">\n\t\t\t\t\t\t\t\t<div class=\"elementor-element elementor-element-577ee35 elementor-widget elementor-widget-image\" data-id=\"577ee35\" data-element_type=\"widget\" data-widget_type=\"image.default\">\n\t\t\t\t<div class=\"elementor-widget-container\">\n\t\t\t\t\t\t\t\t\t\t\t\t\t\t\t<img decoding=\"async\" src=\"https:\/\/linkpublicadjusters.com\/wp-content\/uploads\/elementor\/thumbs\/hire-public-adjuster-1211622412-2048x2048-1-pb15qyocbnfssn5hyn431b366v3qhacy9g0agw69vy.jpg\" title=\"hire public adjuster-1211622412-2048&#215;2048\" alt=\"hire public adjusters\" \/>\t\t\t\t\t\t\t\t\t\t\t\t\t\t\t<\/div>\n\t\t\t\t<\/div>\n\t\t\t\t\t<\/div>\n\t\t<\/div>\n\t\t\t\t\t\t\t<\/div>\n\t\t<\/section>\n\t\t\t\t<section class=\"elementor-section elementor-top-section elementor-element elementor-element-078afba elementor-section-stretched elementor-section-boxed elementor-section-height-default elementor-section-height-default\" data-id=\"078afba\" data-element_type=\"section\" data-settings=\"{&quot;stretch_section&quot;:&quot;section-stretched&quot;,&quot;background_background&quot;:&quot;gradient&quot;}\">\n\t\t\t\t\t\t<div class=\"elementor-container elementor-column-gap-wider\">\n\t\t\t\t\t<div class=\"elementor-column elementor-col-50 elementor-top-column elementor-element elementor-element-1a70a5e\" data-id=\"1a70a5e\" data-element_type=\"column\">\n\t\t\t<div class=\"elementor-widget-wrap elementor-element-populated\">\n\t\t\t\t\t\t\t\t<div class=\"elementor-element elementor-element-b70b955 elementor-widget elementor-widget-text-editor\" data-id=\"b70b955\" data-element_type=\"widget\" data-widget_type=\"text-editor.default\">\n\t\t\t\t<div class=\"elementor-widget-container\">\n\t\t\t\t\t\t\t\u00a1Obt\u00e9n el pago que te mereces!\t\t\t\t\t\t<\/div>\n\t\t\t\t<\/div>\n\t\t\t\t<div class=\"elementor-element elementor-element-2584571 elementor-widget elementor-widget-text-editor\" data-id=\"2584571\" data-element_type=\"widget\" data-widget_type=\"text-editor.default\">\n\t\t\t\t<div class=\"elementor-widget-container\">\n\t\t\t\t\t\t\t<p>Ayudar a los clientes con sus p\u00e9rdidas, <strong>incluso cuando son inesperadas<\/strong><\/p>\t\t\t\t\t\t<\/div>\n\t\t\t\t<\/div>\n\t\t\t\t\t<\/div>\n\t\t<\/div>\n\t\t\t\t<div class=\"elementor-column elementor-col-50 elementor-top-column elementor-element elementor-element-e894e3a\" data-id=\"e894e3a\" data-element_type=\"column\">\n\t\t\t<div class=\"elementor-widget-wrap elementor-element-populated\">\n\t\t\t\t\t\t\t\t<section class=\"elementor-section elementor-inner-section elementor-element elementor-element-87b2925 elementor-section-boxed elementor-section-height-default elementor-section-height-default\" data-id=\"87b2925\" data-element_type=\"section\">\n\t\t\t\t\t\t<div class=\"elementor-container elementor-column-gap-default\">\n\t\t\t\t\t<div class=\"elementor-column elementor-col-50 elementor-inner-column elementor-element elementor-element-f0cb413\" data-id=\"f0cb413\" data-element_type=\"column\">\n\t\t\t<div class=\"elementor-widget-wrap elementor-element-populated\">\n\t\t\t\t\t\t\t\t<div class=\"elementor-element elementor-element-27081ea elementor-mobile-align-justify elementor-align-justify elementor-widget elementor-widget-button\" data-id=\"27081ea\" data-element_type=\"widget\" data-widget_type=\"button.default\">\n\t\t\t\t<div class=\"elementor-widget-container\">\n\t\t\t\t\t<div class=\"elementor-button-wrapper\">\n\t\t\t<a href=\"tel:8665221049\" class=\"elementor-button-link elementor-button elementor-size-sm\" role=\"button\">\n\t\t\t\t\t\t<span class=\"elementor-button-content-wrapper\">\n\t\t\t\t\t\t<span class=\"elementor-button-text\">LLAMA AHORA<\/span>\n\t\t<\/span>\n\t\t\t\t\t<\/a>\n\t\t<\/div>\n\t\t\t\t<\/div>\n\t\t\t\t<\/div>\n\t\t\t\t\t<\/div>\n\t\t<\/div>\n\t\t\t\t<div class=\"elementor-column elementor-col-50 elementor-inner-column elementor-element elementor-element-71639b4\" data-id=\"71639b4\" data-element_type=\"column\">\n\t\t\t<div class=\"elementor-widget-wrap elementor-element-populated\">\n\t\t\t\t\t\t\t\t<div class=\"elementor-element elementor-element-bd8e75d elementor-mobile-align-justify elementor-align-justify elementor-widget elementor-widget-button\" data-id=\"bd8e75d\" data-element_type=\"widget\" data-widget_type=\"button.default\">\n\t\t\t\t<div class=\"elementor-widget-container\">\n\t\t\t\t\t<div class=\"elementor-button-wrapper\">\n\t\t\t<a href=\"https:\/\/linkpublicadjusters.com\/es\/#consulta-gratis\" class=\"elementor-button-link elementor-button elementor-size-sm\" role=\"button\">\n\t\t\t\t\t\t<span class=\"elementor-button-content-wrapper\">\n\t\t\t\t\t\t<span class=\"elementor-button-text\">CONSULTACI\u00d3N<\/span>\n\t\t<\/span>\n\t\t\t\t\t<\/a>\n\t\t<\/div>\n\t\t\t\t<\/div>\n\t\t\t\t<\/div>\n\t\t\t\t\t<\/div>\n\t\t<\/div>\n\t\t\t\t\t\t\t<\/div>\n\t\t<\/section>\n\t\t\t\t\t<\/div>\n\t\t<\/div>\n\t\t\t\t\t\t\t<\/div>\n\t\t<\/section>\n\t\t\t\t\t\t<\/div>\n\t\t\t\t\t<\/div>\n\t\t","protected":false},"excerpt":{"rendered":"<p>Rotura de tuber\u00edas &#8211; Ajuste y consulta Diversas circunstancias pueden provocar fugas y roturas en las tuber\u00edas de su propiedad. La presi\u00f3n del agua puede cambiar,<span class=\"excerpt-hellip\"> [\u2026]<\/span><\/p>\n","protected":false},"author":3,"featured_media":0,"parent":0,"menu_order":0,"comment_status":"closed","ping_status":"closed","template":"","meta":{"footnotes":""},"class_list":["post-1394","page","type-page","status-publish","hentry"],"yoast_head":"<!-- This site is optimized with the Yoast SEO plugin v18.1 - https:\/\/yoast.com\/wordpress\/plugins\/seo\/ -->\n<title>Tuber\u00edas Rotas - Link Public Adjusting Group<\/title>\n<meta name=\"robots\" content=\"index, follow, max-snippet:-1, max-image-preview:large, max-video-preview:-1\" \/>\n<link rel=\"canonical\" href=\"https:\/\/linkpublicadjusters.com\/es\/tuberias-rotas\/\" \/>\n<meta property=\"og:locale\" content=\"es_ES\" \/>\n<meta property=\"og:type\" content=\"article\" \/>\n<meta property=\"og:title\" content=\"Tuber\u00edas Rotas - Link Public Adjusting Group\" \/>\n<meta property=\"og:description\" content=\"Rotura de tuber\u00edas &#8211; Ajuste y consulta Diversas circunstancias pueden provocar fugas y roturas en las tuber\u00edas de su propiedad. La presi\u00f3n del agua puede cambiar, [\u2026]\" \/>\n<meta property=\"og:url\" content=\"https:\/\/linkpublicadjusters.com\/es\/tuberias-rotas\/\" \/>\n<meta property=\"og:site_name\" content=\"Link Public Adjusting Group\" \/>\n<meta property=\"article:publisher\" content=\"https:\/\/www.facebook.com\/LinkPublicAdjusting\/\" \/>\n<meta property=\"article:modified_time\" content=\"2021-09-16T16:39:46+00:00\" \/>\n<meta property=\"og:image\" content=\"https:\/\/linkpublicadjusters.com\/wp-content\/uploads\/elementor\/thumbs\/Broken-Pipes-Link-pb17lncb9sn0hf2fdv42avvpohyvhs7uc4r4cg07rg.jpg\" \/>\n<meta name=\"twitter:card\" content=\"summary_large_image\" \/>\n<meta name=\"twitter:label1\" content=\"Tiempo de lectura\" \/>\n\t<meta name=\"twitter:data1\" content=\"3 minutos\" \/>\n<script type=\"application\/ld+json\" class=\"yoast-schema-graph\">{\"@context\":\"https:\/\/schema.org\",\"@graph\":[{\"@type\":\"Organization\",\"@id\":\"https:\/\/linkpublicadjusters.com\/#organization\",\"name\":\"Link Public Adjusters Group\",\"url\":\"https:\/\/linkpublicadjusters.com\/\",\"sameAs\":[\"https:\/\/www.facebook.com\/LinkPublicAdjusting\/\",\"https:\/\/www.instagram.com\/linkpublicadjusting\/\"],\"logo\":{\"@type\":\"ImageObject\",\"@id\":\"https:\/\/linkpublicadjusters.com\/#logo\",\"inLanguage\":\"es\",\"url\":\"https:\/\/linkpublicadjusters.com\/wp-content\/uploads\/2022\/02\/Link-PA-Logo.png\",\"contentUrl\":\"https:\/\/linkpublicadjusters.com\/wp-content\/uploads\/2022\/02\/Link-PA-Logo.png\",\"width\":1000,\"height\":352,\"caption\":\"Link Public Adjusters Group\"},\"image\":{\"@id\":\"https:\/\/linkpublicadjusters.com\/#logo\"}},{\"@type\":\"WebSite\",\"@id\":\"https:\/\/linkpublicadjusters.com\/#website\",\"url\":\"https:\/\/linkpublicadjusters.com\/\",\"name\":\"Link Public Adjusting Group\",\"description\":\"Just another WordPress site\",\"publisher\":{\"@id\":\"https:\/\/linkpublicadjusters.com\/#organization\"},\"potentialAction\":[{\"@type\":\"SearchAction\",\"target\":{\"@type\":\"EntryPoint\",\"urlTemplate\":\"https:\/\/linkpublicadjusters.com\/?s={search_term_string}\"},\"query-input\":\"required name=search_term_string\"}],\"inLanguage\":\"es\"},{\"@type\":\"ImageObject\",\"@id\":\"https:\/\/linkpublicadjusters.com\/es\/tuberias-rotas\/#primaryimage\",\"inLanguage\":\"es\",\"url\":\"https:\/\/linkpublicadjusters.com\/wp-content\/uploads\/elementor\/thumbs\/Broken-Pipes-Link-pb17lncb9sn0hf2fdv42avvpohyvhs7uc4r4cg07rg.jpg\",\"contentUrl\":\"https:\/\/linkpublicadjusters.com\/wp-content\/uploads\/elementor\/thumbs\/Broken-Pipes-Link-pb17lncb9sn0hf2fdv42avvpohyvhs7uc4r4cg07rg.jpg\"},{\"@type\":\"WebPage\",\"@id\":\"https:\/\/linkpublicadjusters.com\/es\/tuberias-rotas\/#webpage\",\"url\":\"https:\/\/linkpublicadjusters.com\/es\/tuberias-rotas\/\",\"name\":\"Tuber\u00edas Rotas - Link Public Adjusting Group\",\"isPartOf\":{\"@id\":\"https:\/\/linkpublicadjusters.com\/#website\"},\"primaryImageOfPage\":{\"@id\":\"https:\/\/linkpublicadjusters.com\/es\/tuberias-rotas\/#primaryimage\"},\"datePublished\":\"2021-08-02T17:20:53+00:00\",\"dateModified\":\"2021-09-16T16:39:46+00:00\",\"breadcrumb\":{\"@id\":\"https:\/\/linkpublicadjusters.com\/es\/tuberias-rotas\/#breadcrumb\"},\"inLanguage\":\"es\",\"potentialAction\":[{\"@type\":\"ReadAction\",\"target\":[\"https:\/\/linkpublicadjusters.com\/es\/tuberias-rotas\/\"]}]},{\"@type\":\"BreadcrumbList\",\"@id\":\"https:\/\/linkpublicadjusters.com\/es\/tuberias-rotas\/#breadcrumb\",\"itemListElement\":[{\"@type\":\"ListItem\",\"position\":1,\"name\":\"Home\",\"item\":\"https:\/\/linkpublicadjusters.com\/es\/\"},{\"@type\":\"ListItem\",\"position\":2,\"name\":\"Tuber\u00edas Rotas\"}]}]}<\/script>\n<!-- \/ Yoast SEO plugin. -->","yoast_head_json":{"title":"Tuber\u00edas Rotas - Link Public Adjusting Group","robots":{"index":"index","follow":"follow","max-snippet":"max-snippet:-1","max-image-preview":"max-image-preview:large","max-video-preview":"max-video-preview:-1"},"canonical":"https:\/\/linkpublicadjusters.com\/es\/tuberias-rotas\/","og_locale":"es_ES","og_type":"article","og_title":"Tuber\u00edas Rotas - Link Public Adjusting Group","og_description":"Rotura de tuber\u00edas &#8211; Ajuste y consulta Diversas circunstancias pueden provocar fugas y roturas en las tuber\u00edas de su propiedad. La presi\u00f3n del agua puede cambiar, [\u2026]","og_url":"https:\/\/linkpublicadjusters.com\/es\/tuberias-rotas\/","og_site_name":"Link Public Adjusting Group","article_publisher":"https:\/\/www.facebook.com\/LinkPublicAdjusting\/","article_modified_time":"2021-09-16T16:39:46+00:00","og_image":[{"url":"https:\/\/linkpublicadjusters.com\/wp-content\/uploads\/elementor\/thumbs\/Broken-Pipes-Link-pb17lncb9sn0hf2fdv42avvpohyvhs7uc4r4cg07rg.jpg"}],"twitter_card":"summary_large_image","twitter_misc":{"Tiempo de lectura":"3 minutos"},"schema":{"@context":"https:\/\/schema.org","@graph":[{"@type":"Organization","@id":"https:\/\/linkpublicadjusters.com\/#organization","name":"Link Public Adjusters Group","url":"https:\/\/linkpublicadjusters.com\/","sameAs":["https:\/\/www.facebook.com\/LinkPublicAdjusting\/","https:\/\/www.instagram.com\/linkpublicadjusting\/"],"logo":{"@type":"ImageObject","@id":"https:\/\/linkpublicadjusters.com\/#logo","inLanguage":"es","url":"https:\/\/linkpublicadjusters.com\/wp-content\/uploads\/2022\/02\/Link-PA-Logo.png","contentUrl":"https:\/\/linkpublicadjusters.com\/wp-content\/uploads\/2022\/02\/Link-PA-Logo.png","width":1000,"height":352,"caption":"Link Public Adjusters Group"},"image":{"@id":"https:\/\/linkpublicadjusters.com\/#logo"}},{"@type":"WebSite","@id":"https:\/\/linkpublicadjusters.com\/#website","url":"https:\/\/linkpublicadjusters.com\/","name":"Link Public Adjusting Group","description":"Just another WordPress site","publisher":{"@id":"https:\/\/linkpublicadjusters.com\/#organization"},"potentialAction":[{"@type":"SearchAction","target":{"@type":"EntryPoint","urlTemplate":"https:\/\/linkpublicadjusters.com\/?s={search_term_string}"},"query-input":"required name=search_term_string"}],"inLanguage":"es"},{"@type":"ImageObject","@id":"https:\/\/linkpublicadjusters.com\/es\/tuberias-rotas\/#primaryimage","inLanguage":"es","url":"https:\/\/linkpublicadjusters.com\/wp-content\/uploads\/elementor\/thumbs\/Broken-Pipes-Link-pb17lncb9sn0hf2fdv42avvpohyvhs7uc4r4cg07rg.jpg","contentUrl":"https:\/\/linkpublicadjusters.com\/wp-content\/uploads\/elementor\/thumbs\/Broken-Pipes-Link-pb17lncb9sn0hf2fdv42avvpohyvhs7uc4r4cg07rg.jpg"},{"@type":"WebPage","@id":"https:\/\/linkpublicadjusters.com\/es\/tuberias-rotas\/#webpage","url":"https:\/\/linkpublicadjusters.com\/es\/tuberias-rotas\/","name":"Tuber\u00edas Rotas - Link Public Adjusting Group","isPartOf":{"@id":"https:\/\/linkpublicadjusters.com\/#website"},"primaryImageOfPage":{"@id":"https:\/\/linkpublicadjusters.com\/es\/tuberias-rotas\/#primaryimage"},"datePublished":"2021-08-02T17:20:53+00:00","dateModified":"2021-09-16T16:39:46+00:00","breadcrumb":{"@id":"https:\/\/linkpublicadjusters.com\/es\/tuberias-rotas\/#breadcrumb"},"inLanguage":"es","potentialAction":[{"@type":"ReadAction","target":["https:\/\/linkpublicadjusters.com\/es\/tuberias-rotas\/"]}]},{"@type":"BreadcrumbList","@id":"https:\/\/linkpublicadjusters.com\/es\/tuberias-rotas\/#breadcrumb","itemListElement":[{"@type":"ListItem","position":1,"name":"Home","item":"https:\/\/linkpublicadjusters.com\/es\/"},{"@type":"ListItem","position":2,"name":"Tuber\u00edas Rotas"}]}]}},"_links":{"self":[{"href":"https:\/\/linkpublicadjusters.com\/es\/wp-json\/wp\/v2\/pages\/1394","targetHints":{"allow":["GET"]}}],"collection":[{"href":"https:\/\/linkpublicadjusters.com\/es\/wp-json\/wp\/v2\/pages"}],"about":[{"href":"https:\/\/linkpublicadjusters.com\/es\/wp-json\/wp\/v2\/types\/page"}],"author":[{"embeddable":true,"href":"https:\/\/linkpublicadjusters.com\/es\/wp-json\/wp\/v2\/users\/3"}],"replies":[{"embeddable":true,"href":"https:\/\/linkpublicadjusters.com\/es\/wp-json\/wp\/v2\/comments?post=1394"}],"version-history":[{"count":30,"href":"https:\/\/linkpublicadjusters.com\/es\/wp-json\/wp\/v2\/pages\/1394\/revisions"}],"predecessor-version":[{"id":2195,"href":"https:\/\/linkpublicadjusters.com\/es\/wp-json\/wp\/v2\/pages\/1394\/revisions\/2195"}],"wp:attachment":[{"href":"https:\/\/linkpublicadjusters.com\/es\/wp-json\/wp\/v2\/media?parent=1394"}],"curies":[{"name":"wp","href":"https:\/\/api.w.org\/{rel}","templated":true}]}}