{"id":1383,"date":"2021-08-02T17:29:36","date_gmt":"2021-08-02T17:29:36","guid":{"rendered":"https:\/\/linkpublicadjusters.com\/fire-damage\/"},"modified":"2022-03-19T17:44:27","modified_gmt":"2022-03-19T17:44:27","slug":"danos-de-fuego","status":"publish","type":"page","link":"https:\/\/linkpublicadjusters.com\/es\/danos-de-fuego\/","title":{"rendered":"Da\u00f1os de Fuego"},"content":{"rendered":"\t\t<div data-elementor-type=\"wp-page\" data-elementor-id=\"1383\" class=\"elementor elementor-1383\" data-elementor-settings=\"[]\">\n\t\t\t\t\t\t\t<div class=\"elementor-section-wrap\">\n\t\t\t\t\t\t\t<section class=\"elementor-section elementor-top-section elementor-element elementor-element-a62715e elementor-section-stretched elementor-section-full_width elementor-section-height-default elementor-section-height-default\" data-id=\"a62715e\" data-element_type=\"section\" data-settings=\"{&quot;stretch_section&quot;:&quot;section-stretched&quot;,&quot;background_background&quot;:&quot;classic&quot;}\">\n\t\t\t\t\t\t<div class=\"elementor-container elementor-column-gap-wider\">\n\t\t\t\t\t<div class=\"elementor-column elementor-col-50 elementor-top-column elementor-element elementor-element-75e84ec\" data-id=\"75e84ec\" data-element_type=\"column\">\n\t\t\t<div class=\"elementor-widget-wrap elementor-element-populated\">\n\t\t\t\t\t\t\t\t<div class=\"elementor-element elementor-element-30a03cc elementor-widget elementor-widget-text-editor\" data-id=\"30a03cc\" data-element_type=\"widget\" data-widget_type=\"text-editor.default\">\n\t\t\t\t<div class=\"elementor-widget-container\">\n\t\t\t<style>\/*! elementor - v3.5.3 - 28-12-2021 *\/\n.elementor-widget-text-editor.elementor-drop-cap-view-stacked .elementor-drop-cap{background-color:#818a91;color:#fff}.elementor-widget-text-editor.elementor-drop-cap-view-framed .elementor-drop-cap{color:#818a91;border:3px solid;background-color:transparent}.elementor-widget-text-editor:not(.elementor-drop-cap-view-default) .elementor-drop-cap{margin-top:8px}.elementor-widget-text-editor:not(.elementor-drop-cap-view-default) .elementor-drop-cap-letter{width:1em;height:1em}.elementor-widget-text-editor .elementor-drop-cap{float:left;text-align:center;line-height:1;font-size:50px}.elementor-widget-text-editor .elementor-drop-cap-letter{display:inline-block}<\/style>\t\t\t\tReclamaciones al seguro de da\u00f1os por incendio\t\t\t\t\t\t<\/div>\n\t\t\t\t<\/div>\n\t\t\t\t<section class=\"elementor-section elementor-inner-section elementor-element elementor-element-48d3aa1 elementor-section-boxed elementor-section-height-default elementor-section-height-default\" data-id=\"48d3aa1\" data-element_type=\"section\">\n\t\t\t\t\t\t<div class=\"elementor-container elementor-column-gap-default\">\n\t\t\t\t\t<div class=\"elementor-column elementor-col-100 elementor-inner-column elementor-element elementor-element-be56b38\" data-id=\"be56b38\" data-element_type=\"column\">\n\t\t\t<div class=\"elementor-widget-wrap elementor-element-populated\">\n\t\t\t\t\t\t\t\t<div class=\"elementor-element elementor-element-197f29d elementor-widget elementor-widget-text-editor\" data-id=\"197f29d\" data-element_type=\"widget\" data-widget_type=\"text-editor.default\">\n\t\t\t\t<div class=\"elementor-widget-container\">\n\t\t\t\t\t\t\t<p>Un incendio no s\u00f3lo puede causar graves da\u00f1os a cualquier estructura, comercial o residencial. Basta con una peque\u00f1a chispa para hacer arder todo un edificio. Florida sigue siendo propensa a la ca\u00edda de rayos y al calor extremo, lo que puede aumentar el riesgo de incendios.<\/p><p>Las cat\u00e1strofes provocadas por los incendios suelen ser acontecimientos devastadores que causan graves da\u00f1os debido al fuego y problemas continuos en los propios edificios y en los bienes personales como consecuencia de los da\u00f1os provocados por el humo.<\/p><p>Incluso cuando los profesionales contienen las llamas de un incendio, el agua o los productos qu\u00edmicos que utilizan para controlar el fuego y evitar su propagaci\u00f3n crean un tercer nivel de destrucci\u00f3n que requiere largos y extensos servicios de recuperaci\u00f3n.<\/p><p>Adem\u00e1s, las reclamaciones del seguro de da\u00f1os por incendio se extienden a las \u00e1reas m\u00e1s susceptibles de sufrir emergencias por fuego, como los incendios en la cocina, los peque\u00f1os incendios en la cocina, los incendios por grasa. Las p\u00f3lizas de seguro de da\u00f1os por incendio tambi\u00e9n cubren los problemas continuos de los da\u00f1os por humo que pueden afectar negativamente a otras zonas de la casa.<\/p><p>Un desastre por incendio es una prueba aterradora que provoca da\u00f1os y p\u00e9rdidas en la propiedad que los propietarios a menudo encuentran dif\u00edcil de sobrellevar, sintiendo que es lo peor que podr\u00eda pasar.<\/p>\t\t\t\t\t\t<\/div>\n\t\t\t\t<\/div>\n\t\t\t\t\t<\/div>\n\t\t<\/div>\n\t\t\t\t\t\t\t<\/div>\n\t\t<\/section>\n\t\t\t\t<div class=\"elementor-element elementor-element-551239e elementor-align-left elementor-widget elementor-widget-button\" data-id=\"551239e\" data-element_type=\"widget\" data-widget_type=\"button.default\">\n\t\t\t\t<div class=\"elementor-widget-container\">\n\t\t\t\t\t<div class=\"elementor-button-wrapper\">\n\t\t\t<a href=\"tel:8665221049\" class=\"elementor-button-link elementor-button elementor-size-sm\" role=\"button\">\n\t\t\t\t\t\t<span class=\"elementor-button-content-wrapper\">\n\t\t\t\t\t\t<span class=\"elementor-button-text\">LLAMA AHORA<\/span>\n\t\t<\/span>\n\t\t\t\t\t<\/a>\n\t\t<\/div>\n\t\t\t\t<\/div>\n\t\t\t\t<\/div>\n\t\t\t\t\t<\/div>\n\t\t<\/div>\n\t\t\t\t<div class=\"elementor-column elementor-col-50 elementor-top-column elementor-element elementor-element-5765cc3\" data-id=\"5765cc3\" data-element_type=\"column\">\n\t\t\t<div class=\"elementor-widget-wrap elementor-element-populated\">\n\t\t\t\t\t\t\t\t<div class=\"elementor-element elementor-element-3098786 elementor-widget elementor-widget-image\" data-id=\"3098786\" data-element_type=\"widget\" data-widget_type=\"image.default\">\n\t\t\t\t<div class=\"elementor-widget-container\">\n\t\t\t<style>\/*! elementor - v3.5.3 - 28-12-2021 *\/\n.elementor-widget-image{text-align:center}.elementor-widget-image a{display:inline-block}.elementor-widget-image a img[src$=\".svg\"]{width:48px}.elementor-widget-image img{vertical-align:middle;display:inline-block}<\/style>\t\t\t\t\t\t\t\t\t\t\t\t<img decoding=\"async\" src=\"https:\/\/linkpublicadjusters.com\/wp-content\/uploads\/elementor\/thumbs\/Fire-Damage-Link-pb17yaa75lyd1a1vxefycswtku4q96d405zynbsn5g.jpg\" title=\"Fire-Damage-Link\" alt=\"Fire Damage\" \/>\t\t\t\t\t\t\t\t\t\t\t\t\t\t\t<\/div>\n\t\t\t\t<\/div>\n\t\t\t\t\t<\/div>\n\t\t<\/div>\n\t\t\t\t\t\t\t<\/div>\n\t\t<\/section>\n\t\t\t\t<section class=\"elementor-section elementor-top-section elementor-element elementor-element-ca0825d elementor-section-stretched elementor-hidden-phone elementor-section-boxed elementor-section-height-default elementor-section-height-default\" data-id=\"ca0825d\" data-element_type=\"section\" data-settings=\"{&quot;stretch_section&quot;:&quot;section-stretched&quot;,&quot;background_background&quot;:&quot;classic&quot;}\">\n\t\t\t\t\t\t\t<div class=\"elementor-background-overlay\"><\/div>\n\t\t\t\t\t\t\t<div class=\"elementor-container elementor-column-gap-default\">\n\t\t\t\t\t<div class=\"elementor-column elementor-col-50 elementor-top-column elementor-element elementor-element-a418886\" data-id=\"a418886\" data-element_type=\"column\">\n\t\t\t<div class=\"elementor-widget-wrap elementor-element-populated\">\n\t\t\t\t\t\t\t\t<div class=\"elementor-element elementor-element-73f945c elementor-widget elementor-widget-image\" data-id=\"73f945c\" data-element_type=\"widget\" data-widget_type=\"image.default\">\n\t\t\t\t<div class=\"elementor-widget-container\">\n\t\t\t\t\t\t\t\t\t\t\t\t\t\t\t<img decoding=\"async\" src=\"https:\/\/linkpublicadjusters.com\/wp-content\/uploads\/elementor\/thumbs\/Hire-Public-Adjuster-pcdvobce7573vfhizdja8uzwdqn4cm4zov2uvz4j9e.jpg\" title=\"Hire-Public-Adjuster\" alt=\"reading a contract\" \/>\t\t\t\t\t\t\t\t\t\t\t\t\t\t\t<\/div>\n\t\t\t\t<\/div>\n\t\t\t\t\t<\/div>\n\t\t<\/div>\n\t\t\t\t<div class=\"elementor-column elementor-col-50 elementor-top-column elementor-element elementor-element-c0097be\" data-id=\"c0097be\" data-element_type=\"column\">\n\t\t\t<div class=\"elementor-widget-wrap elementor-element-populated\">\n\t\t\t\t\t\t\t\t<div class=\"elementor-element elementor-element-1601789 elementor-widget elementor-widget-text-editor\" data-id=\"1601789\" data-element_type=\"widget\" data-widget_type=\"text-editor.default\">\n\t\t\t\t<div class=\"elementor-widget-container\">\n\t\t\t\t\t\t\t<p>Ajustadores Profesionales P\u00fablicos | Link Public Adjusting Group<\/p>\t\t\t\t\t\t<\/div>\n\t\t\t\t<\/div>\n\t\t\t\t<div class=\"elementor-element elementor-element-a859de6 elementor-widget elementor-widget-text-editor\" data-id=\"a859de6\" data-element_type=\"widget\" data-widget_type=\"text-editor.default\">\n\t\t\t\t<div class=\"elementor-widget-container\">\n\t\t\t\t\t\t\t<p>Pagamos por la cobertura del seguro para estar tranquilos, confiando en que los proveedores de seguros estar\u00e1n ah\u00ed cuando sea necesario. Una compa\u00f1\u00eda de seguros proporcionar\u00e1 sus propios ajustadores, an\u00e1lisis y evaluaci\u00f3n para cualquier situaci\u00f3n de da\u00f1os por incendio que se produzca.<\/p><p>Usted deber\u00eda hacer lo mismo asegurando un ajustador de seguros que tambi\u00e9n tenga en cuenta sus intereses. Usted se merece m\u00e1s, y <strong>Link Public Adjusting Group<\/strong> tiene como objetivo proporcionarle lo mejor.<\/p><p>Nuestros expertos en da\u00f1os por incendio est\u00e1n preparados para ayudarle a afrontar el reto de encontrar la mejor soluci\u00f3n posible para que su propiedad vuelva a estar como antes del desastre. P\u00f3ngase en contacto con nosotros hoy mismo.<\/p>\t\t\t\t\t\t<\/div>\n\t\t\t\t<\/div>\n\t\t\t\t\t<\/div>\n\t\t<\/div>\n\t\t\t\t\t\t\t<\/div>\n\t\t<\/section>\n\t\t\t\t<section class=\"elementor-section elementor-top-section elementor-element elementor-element-6727f25 elementor-section-stretched elementor-hidden-desktop elementor-hidden-tablet elementor-section-boxed elementor-section-height-default elementor-section-height-default\" data-id=\"6727f25\" data-element_type=\"section\" data-settings=\"{&quot;stretch_section&quot;:&quot;section-stretched&quot;,&quot;background_background&quot;:&quot;classic&quot;}\">\n\t\t\t\t\t\t\t<div class=\"elementor-background-overlay\"><\/div>\n\t\t\t\t\t\t\t<div class=\"elementor-container elementor-column-gap-default\">\n\t\t\t\t\t<div class=\"elementor-column elementor-col-50 elementor-top-column elementor-element elementor-element-9031ccb\" data-id=\"9031ccb\" data-element_type=\"column\">\n\t\t\t<div class=\"elementor-widget-wrap elementor-element-populated\">\n\t\t\t\t\t\t\t\t<div class=\"elementor-element elementor-element-f4c9086 elementor-widget elementor-widget-text-editor\" data-id=\"f4c9086\" data-element_type=\"widget\" data-widget_type=\"text-editor.default\">\n\t\t\t\t<div class=\"elementor-widget-container\">\n\t\t\t\t\t\t\t<p>Ajustadores Profesionales P\u00fablicos | Link Public Adjusting Group<\/p>\t\t\t\t\t\t<\/div>\n\t\t\t\t<\/div>\n\t\t\t\t<div class=\"elementor-element elementor-element-54ce726 elementor-widget elementor-widget-text-editor\" data-id=\"54ce726\" data-element_type=\"widget\" data-widget_type=\"text-editor.default\">\n\t\t\t\t<div class=\"elementor-widget-container\">\n\t\t\t\t\t\t\t<p>Pagamos por la cobertura del seguro para estar tranquilos, confiando en que los proveedores de seguros estar\u00e1n ah\u00ed cuando sea necesario. Una compa\u00f1\u00eda de seguros proporcionar\u00e1 sus propios ajustadores, an\u00e1lisis y evaluaci\u00f3n para cualquier situaci\u00f3n de da\u00f1os por incendio que se produzca.<\/p><p>Usted deber\u00eda hacer lo mismo asegurando un ajustador de seguros que tambi\u00e9n tenga en cuenta sus intereses. Usted se merece m\u00e1s, y <strong>Link Public Adjusting Group<\/strong> tiene como objetivo proporcionarle lo mejor.<\/p><p>Nuestros expertos en da\u00f1os por incendio est\u00e1n preparados para ayudarle a afrontar el reto de encontrar la mejor soluci\u00f3n posible para que su propiedad vuelva a estar como antes del desastre. P\u00f3ngase en contacto con nosotros hoy mismo.<\/p>\t\t\t\t\t\t<\/div>\n\t\t\t\t<\/div>\n\t\t\t\t\t<\/div>\n\t\t<\/div>\n\t\t\t\t<div class=\"elementor-column elementor-col-50 elementor-top-column elementor-element elementor-element-9ba18f8\" data-id=\"9ba18f8\" data-element_type=\"column\">\n\t\t\t<div class=\"elementor-widget-wrap elementor-element-populated\">\n\t\t\t\t\t\t\t\t<div class=\"elementor-element elementor-element-577ee35 elementor-widget elementor-widget-image\" data-id=\"577ee35\" data-element_type=\"widget\" data-widget_type=\"image.default\">\n\t\t\t\t<div class=\"elementor-widget-container\">\n\t\t\t\t\t\t\t\t\t\t\t\t\t\t\t<img decoding=\"async\" src=\"https:\/\/linkpublicadjusters.com\/wp-content\/uploads\/elementor\/thumbs\/Hire-Public-Adjuster-pcdvobce756tn4tdtc71zb2w6tf0po5ee4bxvhv1qm.jpg\" title=\"Hire-Public-Adjuster\" alt=\"reading a contract\" \/>\t\t\t\t\t\t\t\t\t\t\t\t\t\t\t<\/div>\n\t\t\t\t<\/div>\n\t\t\t\t\t<\/div>\n\t\t<\/div>\n\t\t\t\t\t\t\t<\/div>\n\t\t<\/section>\n\t\t\t\t<section class=\"elementor-section elementor-top-section elementor-element elementor-element-54d8c35 elementor-section-stretched elementor-section-boxed elementor-section-height-default elementor-section-height-default\" data-id=\"54d8c35\" data-element_type=\"section\" data-settings=\"{&quot;stretch_section&quot;:&quot;section-stretched&quot;,&quot;background_background&quot;:&quot;gradient&quot;}\">\n\t\t\t\t\t\t<div class=\"elementor-container elementor-column-gap-wider\">\n\t\t\t\t\t<div class=\"elementor-column elementor-col-50 elementor-top-column elementor-element elementor-element-5a44ba2\" data-id=\"5a44ba2\" data-element_type=\"column\">\n\t\t\t<div class=\"elementor-widget-wrap elementor-element-populated\">\n\t\t\t\t\t\t\t\t<div class=\"elementor-element elementor-element-79ebfee elementor-widget elementor-widget-text-editor\" data-id=\"79ebfee\" data-element_type=\"widget\" data-widget_type=\"text-editor.default\">\n\t\t\t\t<div class=\"elementor-widget-container\">\n\t\t\t\t\t\t\t\u00a1Obt\u00e9n el pago que te mereces!\t\t\t\t\t\t<\/div>\n\t\t\t\t<\/div>\n\t\t\t\t<div class=\"elementor-element elementor-element-a8d89b1 elementor-widget elementor-widget-text-editor\" data-id=\"a8d89b1\" data-element_type=\"widget\" data-widget_type=\"text-editor.default\">\n\t\t\t\t<div class=\"elementor-widget-container\">\n\t\t\t\t\t\t\t<p>Ayudar a los clientes con sus p\u00e9rdidas, <strong>incluso cuando son inesperadas<\/strong><\/p>\t\t\t\t\t\t<\/div>\n\t\t\t\t<\/div>\n\t\t\t\t\t<\/div>\n\t\t<\/div>\n\t\t\t\t<div class=\"elementor-column elementor-col-50 elementor-top-column elementor-element elementor-element-dcb3421\" data-id=\"dcb3421\" data-element_type=\"column\">\n\t\t\t<div class=\"elementor-widget-wrap elementor-element-populated\">\n\t\t\t\t\t\t\t\t<section class=\"elementor-section elementor-inner-section elementor-element elementor-element-90d0c9c elementor-section-boxed elementor-section-height-default elementor-section-height-default\" data-id=\"90d0c9c\" data-element_type=\"section\">\n\t\t\t\t\t\t<div class=\"elementor-container elementor-column-gap-default\">\n\t\t\t\t\t<div class=\"elementor-column elementor-col-50 elementor-inner-column elementor-element elementor-element-0ac7e08\" data-id=\"0ac7e08\" data-element_type=\"column\">\n\t\t\t<div class=\"elementor-widget-wrap elementor-element-populated\">\n\t\t\t\t\t\t\t\t<div class=\"elementor-element elementor-element-d5b32c9 elementor-mobile-align-justify elementor-align-justify elementor-widget elementor-widget-button\" data-id=\"d5b32c9\" data-element_type=\"widget\" data-widget_type=\"button.default\">\n\t\t\t\t<div class=\"elementor-widget-container\">\n\t\t\t\t\t<div class=\"elementor-button-wrapper\">\n\t\t\t<a href=\"tel:8665221049\" class=\"elementor-button-link elementor-button elementor-size-sm\" role=\"button\">\n\t\t\t\t\t\t<span class=\"elementor-button-content-wrapper\">\n\t\t\t\t\t\t<span class=\"elementor-button-text\">LLAMA AHORA<\/span>\n\t\t<\/span>\n\t\t\t\t\t<\/a>\n\t\t<\/div>\n\t\t\t\t<\/div>\n\t\t\t\t<\/div>\n\t\t\t\t\t<\/div>\n\t\t<\/div>\n\t\t\t\t<div class=\"elementor-column elementor-col-50 elementor-inner-column elementor-element elementor-element-b3ebe4d\" data-id=\"b3ebe4d\" data-element_type=\"column\">\n\t\t\t<div class=\"elementor-widget-wrap elementor-element-populated\">\n\t\t\t\t\t\t\t\t<div class=\"elementor-element elementor-element-9da019f elementor-mobile-align-justify elementor-align-justify elementor-widget elementor-widget-button\" data-id=\"9da019f\" data-element_type=\"widget\" data-widget_type=\"button.default\">\n\t\t\t\t<div class=\"elementor-widget-container\">\n\t\t\t\t\t<div class=\"elementor-button-wrapper\">\n\t\t\t<a href=\"https:\/\/linkpublicadjusters.com\/es\/#consulta-gratis\" class=\"elementor-button-link elementor-button elementor-size-sm\" role=\"button\">\n\t\t\t\t\t\t<span class=\"elementor-button-content-wrapper\">\n\t\t\t\t\t\t<span class=\"elementor-button-text\">CONSULTACI\u00d3N<\/span>\n\t\t<\/span>\n\t\t\t\t\t<\/a>\n\t\t<\/div>\n\t\t\t\t<\/div>\n\t\t\t\t<\/div>\n\t\t\t\t\t<\/div>\n\t\t<\/div>\n\t\t\t\t\t\t\t<\/div>\n\t\t<\/section>\n\t\t\t\t\t<\/div>\n\t\t<\/div>\n\t\t\t\t\t\t\t<\/div>\n\t\t<\/section>\n\t\t\t\t\t\t<\/div>\n\t\t\t\t\t<\/div>\n\t\t","protected":false},"excerpt":{"rendered":"<p>Reclamaciones al seguro de da\u00f1os por incendio Un incendio no s\u00f3lo puede causar graves da\u00f1os a cualquier estructura, comercial o residencial. Basta con una peque\u00f1a chispa<span class=\"excerpt-hellip\"> [\u2026]<\/span><\/p>\n","protected":false},"author":3,"featured_media":0,"parent":0,"menu_order":0,"comment_status":"closed","ping_status":"closed","template":"","meta":{"footnotes":""},"class_list":["post-1383","page","type-page","status-publish","hentry"],"yoast_head":"<!-- This site is optimized with the Yoast SEO plugin v18.1 - https:\/\/yoast.com\/wordpress\/plugins\/seo\/ -->\n<title>Da\u00f1os de Fuego - Link Public Adjusting Group<\/title>\n<meta name=\"description\" content=\"Link Public Adjusting Group inspecciona, descubre y eval\u00faa sus da\u00f1os por incendio para obtener el mejor resultado posible.\" \/>\n<meta name=\"robots\" content=\"index, follow, max-snippet:-1, max-image-preview:large, max-video-preview:-1\" \/>\n<link rel=\"canonical\" href=\"https:\/\/linkpublicadjusters.com\/es\/danos-de-fuego\/\" \/>\n<meta property=\"og:locale\" content=\"es_ES\" \/>\n<meta property=\"og:type\" content=\"article\" \/>\n<meta property=\"og:title\" content=\"Da\u00f1os de Fuego - Link Public Adjusting Group\" \/>\n<meta property=\"og:description\" content=\"Link Public Adjusting Group inspecciona, descubre y eval\u00faa sus da\u00f1os por incendio para obtener el mejor resultado posible.\" \/>\n<meta property=\"og:url\" content=\"https:\/\/linkpublicadjusters.com\/es\/danos-de-fuego\/\" \/>\n<meta property=\"og:site_name\" content=\"Link Public Adjusting Group\" \/>\n<meta property=\"article:publisher\" content=\"https:\/\/www.facebook.com\/LinkPublicAdjusting\/\" \/>\n<meta property=\"article:modified_time\" content=\"2022-03-19T17:44:27+00:00\" \/>\n<meta property=\"og:image\" content=\"https:\/\/linkpublicadjusters.com\/wp-content\/uploads\/elementor\/thumbs\/Fire-Damage-Link-pb17yaa75lyd1a1vxefycswtku4q96d405zynbsms4.jpg\" \/>\n<meta name=\"twitter:card\" content=\"summary_large_image\" \/>\n<meta name=\"twitter:label1\" content=\"Tiempo de lectura\" \/>\n\t<meta name=\"twitter:data1\" content=\"3 minutos\" \/>\n<script type=\"application\/ld+json\" class=\"yoast-schema-graph\">{\"@context\":\"https:\/\/schema.org\",\"@graph\":[{\"@type\":\"Organization\",\"@id\":\"https:\/\/linkpublicadjusters.com\/#organization\",\"name\":\"Link Public Adjusters Group\",\"url\":\"https:\/\/linkpublicadjusters.com\/\",\"sameAs\":[\"https:\/\/www.facebook.com\/LinkPublicAdjusting\/\",\"https:\/\/www.instagram.com\/linkpublicadjusting\/\"],\"logo\":{\"@type\":\"ImageObject\",\"@id\":\"https:\/\/linkpublicadjusters.com\/#logo\",\"inLanguage\":\"es\",\"url\":\"https:\/\/linkpublicadjusters.com\/wp-content\/uploads\/2022\/02\/Link-PA-Logo.png\",\"contentUrl\":\"https:\/\/linkpublicadjusters.com\/wp-content\/uploads\/2022\/02\/Link-PA-Logo.png\",\"width\":1000,\"height\":352,\"caption\":\"Link Public Adjusters Group\"},\"image\":{\"@id\":\"https:\/\/linkpublicadjusters.com\/#logo\"}},{\"@type\":\"WebSite\",\"@id\":\"https:\/\/linkpublicadjusters.com\/#website\",\"url\":\"https:\/\/linkpublicadjusters.com\/\",\"name\":\"Link Public Adjusting Group\",\"description\":\"Just another WordPress site\",\"publisher\":{\"@id\":\"https:\/\/linkpublicadjusters.com\/#organization\"},\"potentialAction\":[{\"@type\":\"SearchAction\",\"target\":{\"@type\":\"EntryPoint\",\"urlTemplate\":\"https:\/\/linkpublicadjusters.com\/?s={search_term_string}\"},\"query-input\":\"required name=search_term_string\"}],\"inLanguage\":\"es\"},{\"@type\":\"ImageObject\",\"@id\":\"https:\/\/linkpublicadjusters.com\/es\/danos-de-fuego\/#primaryimage\",\"inLanguage\":\"es\",\"url\":\"https:\/\/linkpublicadjusters.com\/wp-content\/uploads\/elementor\/thumbs\/Fire-Damage-Link-pb17yaa75lyd1a1vxefycswtku4q96d405zynbsms4.jpg\",\"contentUrl\":\"https:\/\/linkpublicadjusters.com\/wp-content\/uploads\/elementor\/thumbs\/Fire-Damage-Link-pb17yaa75lyd1a1vxefycswtku4q96d405zynbsms4.jpg\"},{\"@type\":\"WebPage\",\"@id\":\"https:\/\/linkpublicadjusters.com\/es\/danos-de-fuego\/#webpage\",\"url\":\"https:\/\/linkpublicadjusters.com\/es\/danos-de-fuego\/\",\"name\":\"Da\u00f1os de Fuego - Link Public Adjusting Group\",\"isPartOf\":{\"@id\":\"https:\/\/linkpublicadjusters.com\/#website\"},\"primaryImageOfPage\":{\"@id\":\"https:\/\/linkpublicadjusters.com\/es\/danos-de-fuego\/#primaryimage\"},\"datePublished\":\"2021-08-02T17:29:36+00:00\",\"dateModified\":\"2022-03-19T17:44:27+00:00\",\"description\":\"Link Public Adjusting Group inspecciona, descubre y eval\u00faa sus da\u00f1os por incendio para obtener el mejor resultado posible.\",\"breadcrumb\":{\"@id\":\"https:\/\/linkpublicadjusters.com\/es\/danos-de-fuego\/#breadcrumb\"},\"inLanguage\":\"es\",\"potentialAction\":[{\"@type\":\"ReadAction\",\"target\":[\"https:\/\/linkpublicadjusters.com\/es\/danos-de-fuego\/\"]}]},{\"@type\":\"BreadcrumbList\",\"@id\":\"https:\/\/linkpublicadjusters.com\/es\/danos-de-fuego\/#breadcrumb\",\"itemListElement\":[{\"@type\":\"ListItem\",\"position\":1,\"name\":\"Home\",\"item\":\"https:\/\/linkpublicadjusters.com\/es\/\"},{\"@type\":\"ListItem\",\"position\":2,\"name\":\"Da\u00f1os de Fuego\"}]}]}<\/script>\n<!-- \/ Yoast SEO plugin. -->","yoast_head_json":{"title":"Da\u00f1os de Fuego - Link Public Adjusting Group","description":"Link Public Adjusting Group inspecciona, descubre y eval\u00faa sus da\u00f1os por incendio para obtener el mejor resultado posible.","robots":{"index":"index","follow":"follow","max-snippet":"max-snippet:-1","max-image-preview":"max-image-preview:large","max-video-preview":"max-video-preview:-1"},"canonical":"https:\/\/linkpublicadjusters.com\/es\/danos-de-fuego\/","og_locale":"es_ES","og_type":"article","og_title":"Da\u00f1os de Fuego - Link Public Adjusting Group","og_description":"Link Public Adjusting Group inspecciona, descubre y eval\u00faa sus da\u00f1os por incendio para obtener el mejor resultado posible.","og_url":"https:\/\/linkpublicadjusters.com\/es\/danos-de-fuego\/","og_site_name":"Link Public Adjusting Group","article_publisher":"https:\/\/www.facebook.com\/LinkPublicAdjusting\/","article_modified_time":"2022-03-19T17:44:27+00:00","og_image":[{"url":"https:\/\/linkpublicadjusters.com\/wp-content\/uploads\/elementor\/thumbs\/Fire-Damage-Link-pb17yaa75lyd1a1vxefycswtku4q96d405zynbsms4.jpg"}],"twitter_card":"summary_large_image","twitter_misc":{"Tiempo de lectura":"3 minutos"},"schema":{"@context":"https:\/\/schema.org","@graph":[{"@type":"Organization","@id":"https:\/\/linkpublicadjusters.com\/#organization","name":"Link Public Adjusters Group","url":"https:\/\/linkpublicadjusters.com\/","sameAs":["https:\/\/www.facebook.com\/LinkPublicAdjusting\/","https:\/\/www.instagram.com\/linkpublicadjusting\/"],"logo":{"@type":"ImageObject","@id":"https:\/\/linkpublicadjusters.com\/#logo","inLanguage":"es","url":"https:\/\/linkpublicadjusters.com\/wp-content\/uploads\/2022\/02\/Link-PA-Logo.png","contentUrl":"https:\/\/linkpublicadjusters.com\/wp-content\/uploads\/2022\/02\/Link-PA-Logo.png","width":1000,"height":352,"caption":"Link Public Adjusters Group"},"image":{"@id":"https:\/\/linkpublicadjusters.com\/#logo"}},{"@type":"WebSite","@id":"https:\/\/linkpublicadjusters.com\/#website","url":"https:\/\/linkpublicadjusters.com\/","name":"Link Public Adjusting Group","description":"Just another WordPress site","publisher":{"@id":"https:\/\/linkpublicadjusters.com\/#organization"},"potentialAction":[{"@type":"SearchAction","target":{"@type":"EntryPoint","urlTemplate":"https:\/\/linkpublicadjusters.com\/?s={search_term_string}"},"query-input":"required name=search_term_string"}],"inLanguage":"es"},{"@type":"ImageObject","@id":"https:\/\/linkpublicadjusters.com\/es\/danos-de-fuego\/#primaryimage","inLanguage":"es","url":"https:\/\/linkpublicadjusters.com\/wp-content\/uploads\/elementor\/thumbs\/Fire-Damage-Link-pb17yaa75lyd1a1vxefycswtku4q96d405zynbsms4.jpg","contentUrl":"https:\/\/linkpublicadjusters.com\/wp-content\/uploads\/elementor\/thumbs\/Fire-Damage-Link-pb17yaa75lyd1a1vxefycswtku4q96d405zynbsms4.jpg"},{"@type":"WebPage","@id":"https:\/\/linkpublicadjusters.com\/es\/danos-de-fuego\/#webpage","url":"https:\/\/linkpublicadjusters.com\/es\/danos-de-fuego\/","name":"Da\u00f1os de Fuego - Link Public Adjusting Group","isPartOf":{"@id":"https:\/\/linkpublicadjusters.com\/#website"},"primaryImageOfPage":{"@id":"https:\/\/linkpublicadjusters.com\/es\/danos-de-fuego\/#primaryimage"},"datePublished":"2021-08-02T17:29:36+00:00","dateModified":"2022-03-19T17:44:27+00:00","description":"Link Public Adjusting Group inspecciona, descubre y eval\u00faa sus da\u00f1os por incendio para obtener el mejor resultado posible.","breadcrumb":{"@id":"https:\/\/linkpublicadjusters.com\/es\/danos-de-fuego\/#breadcrumb"},"inLanguage":"es","potentialAction":[{"@type":"ReadAction","target":["https:\/\/linkpublicadjusters.com\/es\/danos-de-fuego\/"]}]},{"@type":"BreadcrumbList","@id":"https:\/\/linkpublicadjusters.com\/es\/danos-de-fuego\/#breadcrumb","itemListElement":[{"@type":"ListItem","position":1,"name":"Home","item":"https:\/\/linkpublicadjusters.com\/es\/"},{"@type":"ListItem","position":2,"name":"Da\u00f1os de Fuego"}]}]}},"_links":{"self":[{"href":"https:\/\/linkpublicadjusters.com\/es\/wp-json\/wp\/v2\/pages\/1383","targetHints":{"allow":["GET"]}}],"collection":[{"href":"https:\/\/linkpublicadjusters.com\/es\/wp-json\/wp\/v2\/pages"}],"about":[{"href":"https:\/\/linkpublicadjusters.com\/es\/wp-json\/wp\/v2\/types\/page"}],"author":[{"embeddable":true,"href":"https:\/\/linkpublicadjusters.com\/es\/wp-json\/wp\/v2\/users\/3"}],"replies":[{"embeddable":true,"href":"https:\/\/linkpublicadjusters.com\/es\/wp-json\/wp\/v2\/comments?post=1383"}],"version-history":[{"count":26,"href":"https:\/\/linkpublicadjusters.com\/es\/wp-json\/wp\/v2\/pages\/1383\/revisions"}],"predecessor-version":[{"id":2267,"href":"https:\/\/linkpublicadjusters.com\/es\/wp-json\/wp\/v2\/pages\/1383\/revisions\/2267"}],"wp:attachment":[{"href":"https:\/\/linkpublicadjusters.com\/es\/wp-json\/wp\/v2\/media?parent=1383"}],"curies":[{"name":"wp","href":"https:\/\/api.w.org\/{rel}","templated":true}]}}