{"id":1380,"date":"2021-08-02T17:39:24","date_gmt":"2021-08-02T17:39:24","guid":{"rendered":"https:\/\/linkpublicadjusters.com\/hail-damage\/"},"modified":"2022-03-19T17:50:16","modified_gmt":"2022-03-19T17:50:16","slug":"danos-por-granizo","status":"publish","type":"page","link":"https:\/\/linkpublicadjusters.com\/es\/danos-por-granizo\/","title":{"rendered":"Da\u00f1os por Granizo"},"content":{"rendered":"\t\t<div data-elementor-type=\"wp-page\" data-elementor-id=\"1380\" class=\"elementor elementor-1380\" data-elementor-settings=\"[]\">\n\t\t\t\t\t\t\t<div class=\"elementor-section-wrap\">\n\t\t\t\t\t\t\t<section class=\"elementor-section elementor-top-section elementor-element elementor-element-a62715e elementor-section-stretched elementor-section-full_width elementor-section-height-default elementor-section-height-default\" data-id=\"a62715e\" data-element_type=\"section\" data-settings=\"{&quot;stretch_section&quot;:&quot;section-stretched&quot;,&quot;background_background&quot;:&quot;classic&quot;}\">\n\t\t\t\t\t\t<div class=\"elementor-container elementor-column-gap-wider\">\n\t\t\t\t\t<div class=\"elementor-column elementor-col-50 elementor-top-column elementor-element elementor-element-75e84ec\" data-id=\"75e84ec\" data-element_type=\"column\">\n\t\t\t<div class=\"elementor-widget-wrap elementor-element-populated\">\n\t\t\t\t\t\t\t\t<div class=\"elementor-element elementor-element-30a03cc elementor-widget elementor-widget-text-editor\" data-id=\"30a03cc\" data-element_type=\"widget\" data-widget_type=\"text-editor.default\">\n\t\t\t\t<div class=\"elementor-widget-container\">\n\t\t\t<style>\/*! elementor - v3.5.3 - 28-12-2021 *\/\n.elementor-widget-text-editor.elementor-drop-cap-view-stacked .elementor-drop-cap{background-color:#818a91;color:#fff}.elementor-widget-text-editor.elementor-drop-cap-view-framed .elementor-drop-cap{color:#818a91;border:3px solid;background-color:transparent}.elementor-widget-text-editor:not(.elementor-drop-cap-view-default) .elementor-drop-cap{margin-top:8px}.elementor-widget-text-editor:not(.elementor-drop-cap-view-default) .elementor-drop-cap-letter{width:1em;height:1em}.elementor-widget-text-editor .elementor-drop-cap{float:left;text-align:center;line-height:1;font-size:50px}.elementor-widget-text-editor .elementor-drop-cap-letter{display:inline-block}<\/style>\t\t\t\tReclamaciones de seguros por da\u00f1os causados por el granizo\t\t\t\t\t\t<\/div>\n\t\t\t\t<\/div>\n\t\t\t\t<section class=\"elementor-section elementor-inner-section elementor-element elementor-element-48d3aa1 elementor-section-boxed elementor-section-height-default elementor-section-height-default\" data-id=\"48d3aa1\" data-element_type=\"section\">\n\t\t\t\t\t\t<div class=\"elementor-container elementor-column-gap-default\">\n\t\t\t\t\t<div class=\"elementor-column elementor-col-100 elementor-inner-column elementor-element elementor-element-be56b38\" data-id=\"be56b38\" data-element_type=\"column\">\n\t\t\t<div class=\"elementor-widget-wrap elementor-element-populated\">\n\t\t\t\t\t\t\t\t<div class=\"elementor-element elementor-element-197f29d elementor-widget elementor-widget-text-editor\" data-id=\"197f29d\" data-element_type=\"widget\" data-widget_type=\"text-editor.default\">\n\t\t\t\t<div class=\"elementor-widget-container\">\n\t\t\t\t\t\t\t<p>El granizo se formar\u00e1 en las nubes de tormenta fuertes. Comienza a tomar forma en las porciones de las capas de nubes donde la temperatura est\u00e1 por debajo del punto de congelaci\u00f3n. Las tormentas de granizo provocan notables da\u00f1os en casas, negocios y otras propiedades.<\/p><p>Los da\u00f1os en los tejados siguen siendo una de las partes m\u00e1s da\u00f1adas de cualquier instalaci\u00f3n una tormenta de granizo. Cuando los da\u00f1os causados por el granizo no se detectan inmediatamente en un tejado, esto puede dar lugar a da\u00f1os continuos y persistentes. Estos pueden permitir que el agua se filtre a trav\u00e9s y dentro de las paredes da\u00f1ando la infraestructura.<\/p><p>Los da\u00f1os causados por el granizo pueden no ser tan perceptibles como los de otras tormentas de mayor envergadura. Los huracanes y los tornados causan un gran impacto; sin embargo, esto no significa que algo aparentemente menos peligroso como los da\u00f1os por granizo sean menos significativos.<\/p>\t\t\t\t\t\t<\/div>\n\t\t\t\t<\/div>\n\t\t\t\t\t<\/div>\n\t\t<\/div>\n\t\t\t\t\t\t\t<\/div>\n\t\t<\/section>\n\t\t\t\t<div class=\"elementor-element elementor-element-551239e elementor-align-left elementor-widget elementor-widget-button\" data-id=\"551239e\" data-element_type=\"widget\" data-widget_type=\"button.default\">\n\t\t\t\t<div class=\"elementor-widget-container\">\n\t\t\t\t\t<div class=\"elementor-button-wrapper\">\n\t\t\t<a href=\"tel:8665221049\" class=\"elementor-button-link elementor-button elementor-size-sm\" role=\"button\">\n\t\t\t\t\t\t<span class=\"elementor-button-content-wrapper\">\n\t\t\t\t\t\t<span class=\"elementor-button-text\">LLAMA AHORA<\/span>\n\t\t<\/span>\n\t\t\t\t\t<\/a>\n\t\t<\/div>\n\t\t\t\t<\/div>\n\t\t\t\t<\/div>\n\t\t\t\t\t<\/div>\n\t\t<\/div>\n\t\t\t\t<div class=\"elementor-column elementor-col-50 elementor-top-column elementor-element elementor-element-5765cc3\" data-id=\"5765cc3\" data-element_type=\"column\">\n\t\t\t<div class=\"elementor-widget-wrap elementor-element-populated\">\n\t\t\t\t\t\t\t\t<div class=\"elementor-element elementor-element-3098786 elementor-widget elementor-widget-image\" data-id=\"3098786\" data-element_type=\"widget\" data-widget_type=\"image.default\">\n\t\t\t\t<div class=\"elementor-widget-container\">\n\t\t\t<style>\/*! elementor - v3.5.3 - 28-12-2021 *\/\n.elementor-widget-image{text-align:center}.elementor-widget-image a{display:inline-block}.elementor-widget-image a img[src$=\".svg\"]{width:48px}.elementor-widget-image img{vertical-align:middle;display:inline-block}<\/style>\t\t\t\t\t\t\t\t\t\t\t\t<img decoding=\"async\" src=\"https:\/\/linkpublicadjusters.com\/wp-content\/uploads\/elementor\/thumbs\/Hail-Damage-Link-pb1877qyv3e9y7lcjdvf70v3w74qcul6nb9rn1c9j4.jpg\" title=\"Hail-Damage-Link\" alt=\"Hail Damage\" \/>\t\t\t\t\t\t\t\t\t\t\t\t\t\t\t<\/div>\n\t\t\t\t<\/div>\n\t\t\t\t\t<\/div>\n\t\t<\/div>\n\t\t\t\t\t\t\t<\/div>\n\t\t<\/section>\n\t\t\t\t<section class=\"elementor-section elementor-top-section elementor-element elementor-element-ca0825d elementor-section-stretched elementor-hidden-phone elementor-section-boxed elementor-section-height-default elementor-section-height-default\" data-id=\"ca0825d\" data-element_type=\"section\" data-settings=\"{&quot;stretch_section&quot;:&quot;section-stretched&quot;,&quot;background_background&quot;:&quot;classic&quot;}\">\n\t\t\t\t\t\t\t<div class=\"elementor-background-overlay\"><\/div>\n\t\t\t\t\t\t\t<div class=\"elementor-container elementor-column-gap-default\">\n\t\t\t\t\t<div class=\"elementor-column elementor-col-50 elementor-top-column elementor-element elementor-element-a418886\" data-id=\"a418886\" data-element_type=\"column\">\n\t\t\t<div class=\"elementor-widget-wrap elementor-element-populated\">\n\t\t\t\t\t\t\t\t<div class=\"elementor-element elementor-element-73f945c elementor-widget elementor-widget-image\" data-id=\"73f945c\" data-element_type=\"widget\" data-widget_type=\"image.default\">\n\t\t\t\t<div class=\"elementor-widget-container\">\n\t\t\t\t\t\t\t\t\t\t\t\t\t\t\t<img decoding=\"async\" src=\"https:\/\/linkpublicadjusters.com\/wp-content\/uploads\/elementor\/thumbs\/Hire-Public-Adjuster-pcdvobce756eaot62a6pkz7dwfkv9960g07kcrytgg.jpg\" title=\"Hire-Public-Adjuster\" alt=\"reading a contract\" \/>\t\t\t\t\t\t\t\t\t\t\t\t\t\t\t<\/div>\n\t\t\t\t<\/div>\n\t\t\t\t\t<\/div>\n\t\t<\/div>\n\t\t\t\t<div class=\"elementor-column elementor-col-50 elementor-top-column elementor-element elementor-element-c0097be\" data-id=\"c0097be\" data-element_type=\"column\">\n\t\t\t<div class=\"elementor-widget-wrap elementor-element-populated\">\n\t\t\t\t\t\t\t\t<div class=\"elementor-element elementor-element-1601789 elementor-widget elementor-widget-text-editor\" data-id=\"1601789\" data-element_type=\"widget\" data-widget_type=\"text-editor.default\">\n\t\t\t\t<div class=\"elementor-widget-container\">\n\t\t\t\t\t\t\tContratar a un ajustador de seguros p\u00fablico\t\t\t\t\t\t<\/div>\n\t\t\t\t<\/div>\n\t\t\t\t<div class=\"elementor-element elementor-element-a859de6 elementor-widget elementor-widget-text-editor\" data-id=\"a859de6\" data-element_type=\"widget\" data-widget_type=\"text-editor.default\">\n\t\t\t\t<div class=\"elementor-widget-container\">\n\t\t\t\t\t\t\t<p>En caso de que una tormenta de granizo provoque da\u00f1os en una propiedad, los residentes y propietarios deben presentar una reclamaci\u00f3n al seguro para asegurarse de que las reparaciones y otros costes asociados no salgan de su bolsillo.<\/p><p>Como propietario de una casa, un negocio o una propiedad, comprender el alcance de los da\u00f1os causados por el granizo puede ayudar a determinar la magnitud total del da\u00f1o. Nuestro equipo ayuda a nuestro cliente a seguir su p\u00f3liza, trabajando con las compa\u00f1\u00edas de seguros para conseguir los costes de reparaci\u00f3n y sustituci\u00f3n adecuados. P\u00f3ngase en contacto con nosotros hoy mismo.<\/p>\t\t\t\t\t\t<\/div>\n\t\t\t\t<\/div>\n\t\t\t\t\t<\/div>\n\t\t<\/div>\n\t\t\t\t\t\t\t<\/div>\n\t\t<\/section>\n\t\t\t\t<section class=\"elementor-section elementor-top-section elementor-element elementor-element-6727f25 elementor-section-stretched elementor-hidden-desktop elementor-hidden-tablet elementor-section-boxed elementor-section-height-default elementor-section-height-default\" data-id=\"6727f25\" data-element_type=\"section\" data-settings=\"{&quot;stretch_section&quot;:&quot;section-stretched&quot;,&quot;background_background&quot;:&quot;classic&quot;}\">\n\t\t\t\t\t\t\t<div class=\"elementor-background-overlay\"><\/div>\n\t\t\t\t\t\t\t<div class=\"elementor-container elementor-column-gap-default\">\n\t\t\t\t\t<div class=\"elementor-column elementor-col-50 elementor-top-column elementor-element elementor-element-9031ccb\" data-id=\"9031ccb\" data-element_type=\"column\">\n\t\t\t<div class=\"elementor-widget-wrap elementor-element-populated\">\n\t\t\t\t\t\t\t\t<div class=\"elementor-element elementor-element-f4c9086 elementor-widget elementor-widget-text-editor\" data-id=\"f4c9086\" data-element_type=\"widget\" data-widget_type=\"text-editor.default\">\n\t\t\t\t<div class=\"elementor-widget-container\">\n\t\t\t\t\t\t\tContratar a un ajustador de seguros p\u00fablico\t\t\t\t\t\t<\/div>\n\t\t\t\t<\/div>\n\t\t\t\t<div class=\"elementor-element elementor-element-54ce726 elementor-widget elementor-widget-text-editor\" data-id=\"54ce726\" data-element_type=\"widget\" data-widget_type=\"text-editor.default\">\n\t\t\t\t<div class=\"elementor-widget-container\">\n\t\t\t\t\t\t\t<p>En caso de que una tormenta de granizo provoque da\u00f1os en una propiedad, los residentes y propietarios deben presentar una reclamaci\u00f3n al seguro para asegurarse de que las reparaciones y otros costes asociados no salgan de su bolsillo.<\/p><p>Como propietario de una casa, un negocio o una propiedad, comprender el alcance de los da\u00f1os causados por el granizo puede ayudar a determinar la magnitud total del da\u00f1o. Nuestro equipo ayuda a nuestro cliente a seguir su p\u00f3liza, trabajando con las compa\u00f1\u00edas de seguros para conseguir los costes de reparaci\u00f3n y sustituci\u00f3n adecuados. P\u00f3ngase en contacto con nosotros hoy mismo.<\/p>\t\t\t\t\t\t<\/div>\n\t\t\t\t<\/div>\n\t\t\t\t\t<\/div>\n\t\t<\/div>\n\t\t\t\t<div class=\"elementor-column elementor-col-50 elementor-top-column elementor-element elementor-element-9ba18f8\" data-id=\"9ba18f8\" data-element_type=\"column\">\n\t\t\t<div class=\"elementor-widget-wrap elementor-element-populated\">\n\t\t\t\t\t\t\t\t<div class=\"elementor-element elementor-element-577ee35 elementor-widget elementor-widget-image\" data-id=\"577ee35\" data-element_type=\"widget\" data-widget_type=\"image.default\">\n\t\t\t\t<div class=\"elementor-widget-container\">\n\t\t\t\t\t\t\t\t\t\t\t\t\t\t\t<img decoding=\"async\" src=\"https:\/\/linkpublicadjusters.com\/wp-content\/uploads\/elementor\/thumbs\/Hire-Public-Adjuster-pcdvobce756tn4tdtc71zb2w6tf0po5ee4bxvhv1qm.jpg\" title=\"Hire-Public-Adjuster\" alt=\"reading a contract\" \/>\t\t\t\t\t\t\t\t\t\t\t\t\t\t\t<\/div>\n\t\t\t\t<\/div>\n\t\t\t\t\t<\/div>\n\t\t<\/div>\n\t\t\t\t\t\t\t<\/div>\n\t\t<\/section>\n\t\t\t\t<section class=\"elementor-section elementor-top-section elementor-element elementor-element-9deb57e elementor-section-stretched elementor-section-boxed elementor-section-height-default elementor-section-height-default\" data-id=\"9deb57e\" data-element_type=\"section\" data-settings=\"{&quot;stretch_section&quot;:&quot;section-stretched&quot;,&quot;background_background&quot;:&quot;gradient&quot;}\">\n\t\t\t\t\t\t<div class=\"elementor-container elementor-column-gap-wider\">\n\t\t\t\t\t<div class=\"elementor-column elementor-col-50 elementor-top-column elementor-element elementor-element-e5bdb65\" data-id=\"e5bdb65\" data-element_type=\"column\">\n\t\t\t<div class=\"elementor-widget-wrap elementor-element-populated\">\n\t\t\t\t\t\t\t\t<div class=\"elementor-element elementor-element-51b8fe5 elementor-widget elementor-widget-text-editor\" data-id=\"51b8fe5\" data-element_type=\"widget\" data-widget_type=\"text-editor.default\">\n\t\t\t\t<div class=\"elementor-widget-container\">\n\t\t\t\t\t\t\t\u00a1Obt\u00e9n el pago que te mereces!\t\t\t\t\t\t<\/div>\n\t\t\t\t<\/div>\n\t\t\t\t<div class=\"elementor-element elementor-element-9aa6065 elementor-widget elementor-widget-text-editor\" data-id=\"9aa6065\" data-element_type=\"widget\" data-widget_type=\"text-editor.default\">\n\t\t\t\t<div class=\"elementor-widget-container\">\n\t\t\t\t\t\t\t<p>Ayudar a los clientes con sus p\u00e9rdidas, <strong>incluso cuando son inesperadas<\/strong><\/p>\t\t\t\t\t\t<\/div>\n\t\t\t\t<\/div>\n\t\t\t\t\t<\/div>\n\t\t<\/div>\n\t\t\t\t<div class=\"elementor-column elementor-col-50 elementor-top-column elementor-element elementor-element-48c2c30\" data-id=\"48c2c30\" data-element_type=\"column\">\n\t\t\t<div class=\"elementor-widget-wrap elementor-element-populated\">\n\t\t\t\t\t\t\t\t<section class=\"elementor-section elementor-inner-section elementor-element elementor-element-fafe205 elementor-section-boxed elementor-section-height-default elementor-section-height-default\" data-id=\"fafe205\" data-element_type=\"section\">\n\t\t\t\t\t\t<div class=\"elementor-container elementor-column-gap-default\">\n\t\t\t\t\t<div class=\"elementor-column elementor-col-50 elementor-inner-column elementor-element elementor-element-044ef16\" data-id=\"044ef16\" data-element_type=\"column\">\n\t\t\t<div class=\"elementor-widget-wrap elementor-element-populated\">\n\t\t\t\t\t\t\t\t<div class=\"elementor-element elementor-element-d0072e5 elementor-mobile-align-justify elementor-align-justify elementor-widget elementor-widget-button\" data-id=\"d0072e5\" data-element_type=\"widget\" data-widget_type=\"button.default\">\n\t\t\t\t<div class=\"elementor-widget-container\">\n\t\t\t\t\t<div class=\"elementor-button-wrapper\">\n\t\t\t<a href=\"tel:8665221049\" class=\"elementor-button-link elementor-button elementor-size-sm\" role=\"button\">\n\t\t\t\t\t\t<span class=\"elementor-button-content-wrapper\">\n\t\t\t\t\t\t<span class=\"elementor-button-text\">LLAMA AHORA<\/span>\n\t\t<\/span>\n\t\t\t\t\t<\/a>\n\t\t<\/div>\n\t\t\t\t<\/div>\n\t\t\t\t<\/div>\n\t\t\t\t\t<\/div>\n\t\t<\/div>\n\t\t\t\t<div class=\"elementor-column elementor-col-50 elementor-inner-column elementor-element elementor-element-1a96539\" data-id=\"1a96539\" data-element_type=\"column\">\n\t\t\t<div class=\"elementor-widget-wrap elementor-element-populated\">\n\t\t\t\t\t\t\t\t<div class=\"elementor-element elementor-element-299f17c elementor-mobile-align-justify elementor-align-justify elementor-widget elementor-widget-button\" data-id=\"299f17c\" data-element_type=\"widget\" data-widget_type=\"button.default\">\n\t\t\t\t<div class=\"elementor-widget-container\">\n\t\t\t\t\t<div class=\"elementor-button-wrapper\">\n\t\t\t<a href=\"https:\/\/linkpublicadjusters.com\/es\/#consulta-gratis\" class=\"elementor-button-link elementor-button elementor-size-sm\" role=\"button\">\n\t\t\t\t\t\t<span class=\"elementor-button-content-wrapper\">\n\t\t\t\t\t\t<span class=\"elementor-button-text\">CONSULTACI\u00d3N<\/span>\n\t\t<\/span>\n\t\t\t\t\t<\/a>\n\t\t<\/div>\n\t\t\t\t<\/div>\n\t\t\t\t<\/div>\n\t\t\t\t\t<\/div>\n\t\t<\/div>\n\t\t\t\t\t\t\t<\/div>\n\t\t<\/section>\n\t\t\t\t\t<\/div>\n\t\t<\/div>\n\t\t\t\t\t\t\t<\/div>\n\t\t<\/section>\n\t\t\t\t\t\t<\/div>\n\t\t\t\t\t<\/div>\n\t\t","protected":false},"excerpt":{"rendered":"<p>Reclamaciones de seguros por da\u00f1os causados por el granizo El granizo se formar\u00e1 en las nubes de tormenta fuertes. Comienza a tomar forma en las porciones<span class=\"excerpt-hellip\"> [\u2026]<\/span><\/p>\n","protected":false},"author":3,"featured_media":0,"parent":0,"menu_order":0,"comment_status":"closed","ping_status":"closed","template":"","meta":{"footnotes":""},"class_list":["post-1380","page","type-page","status-publish","hentry"],"yoast_head":"<!-- This site is optimized with the Yoast SEO plugin v18.1 - https:\/\/yoast.com\/wordpress\/plugins\/seo\/ -->\n<title>Da\u00f1os por Granizo - Link Public Adjusting Group<\/title>\n<meta name=\"description\" content=\"Reclame sus da\u00f1os por granizo con la representaci\u00f3n de Link Public Adjusting Group. Contacte con nuestro equipo hoy mismo aqu\u00ed.\" \/>\n<meta name=\"robots\" content=\"index, follow, max-snippet:-1, max-image-preview:large, max-video-preview:-1\" \/>\n<link rel=\"canonical\" href=\"https:\/\/linkpublicadjusters.com\/es\/danos-por-granizo\/\" \/>\n<meta property=\"og:locale\" content=\"es_ES\" \/>\n<meta property=\"og:type\" content=\"article\" \/>\n<meta property=\"og:title\" content=\"Da\u00f1os por Granizo - Link Public Adjusting Group\" \/>\n<meta property=\"og:description\" content=\"Reclame sus da\u00f1os por granizo con la representaci\u00f3n de Link Public Adjusting Group. Contacte con nuestro equipo hoy mismo aqu\u00ed.\" \/>\n<meta property=\"og:url\" content=\"https:\/\/linkpublicadjusters.com\/es\/danos-por-granizo\/\" \/>\n<meta property=\"og:site_name\" content=\"Link Public Adjusting Group\" \/>\n<meta property=\"article:publisher\" content=\"https:\/\/www.facebook.com\/LinkPublicAdjusting\/\" \/>\n<meta property=\"article:modified_time\" content=\"2022-03-19T17:50:16+00:00\" \/>\n<meta property=\"og:image\" content=\"https:\/\/linkpublicadjusters.com\/wp-content\/uploads\/elementor\/thumbs\/Hail-Damage-Link-pb1877qyv3e9y7lcjdvf70v3w74qcul6nb9rn1c9j4.jpg\" \/>\n<meta name=\"twitter:card\" content=\"summary_large_image\" \/>\n<meta name=\"twitter:label1\" content=\"Tiempo de lectura\" \/>\n\t<meta name=\"twitter:data1\" content=\"3 minutos\" \/>\n<script type=\"application\/ld+json\" class=\"yoast-schema-graph\">{\"@context\":\"https:\/\/schema.org\",\"@graph\":[{\"@type\":\"Organization\",\"@id\":\"https:\/\/linkpublicadjusters.com\/#organization\",\"name\":\"Link Public Adjusters Group\",\"url\":\"https:\/\/linkpublicadjusters.com\/\",\"sameAs\":[\"https:\/\/www.facebook.com\/LinkPublicAdjusting\/\",\"https:\/\/www.instagram.com\/linkpublicadjusting\/\"],\"logo\":{\"@type\":\"ImageObject\",\"@id\":\"https:\/\/linkpublicadjusters.com\/#logo\",\"inLanguage\":\"es\",\"url\":\"https:\/\/linkpublicadjusters.com\/wp-content\/uploads\/2022\/02\/Link-PA-Logo.png\",\"contentUrl\":\"https:\/\/linkpublicadjusters.com\/wp-content\/uploads\/2022\/02\/Link-PA-Logo.png\",\"width\":1000,\"height\":352,\"caption\":\"Link Public Adjusters Group\"},\"image\":{\"@id\":\"https:\/\/linkpublicadjusters.com\/#logo\"}},{\"@type\":\"WebSite\",\"@id\":\"https:\/\/linkpublicadjusters.com\/#website\",\"url\":\"https:\/\/linkpublicadjusters.com\/\",\"name\":\"Link Public Adjusting Group\",\"description\":\"Just another WordPress site\",\"publisher\":{\"@id\":\"https:\/\/linkpublicadjusters.com\/#organization\"},\"potentialAction\":[{\"@type\":\"SearchAction\",\"target\":{\"@type\":\"EntryPoint\",\"urlTemplate\":\"https:\/\/linkpublicadjusters.com\/?s={search_term_string}\"},\"query-input\":\"required name=search_term_string\"}],\"inLanguage\":\"es\"},{\"@type\":\"ImageObject\",\"@id\":\"https:\/\/linkpublicadjusters.com\/es\/danos-por-granizo\/#primaryimage\",\"inLanguage\":\"es\",\"url\":\"https:\/\/linkpublicadjusters.com\/wp-content\/uploads\/elementor\/thumbs\/Hail-Damage-Link-pb1877qyv3e9y7lcjdvf70v3w74qcul6nb9rn1c9j4.jpg\",\"contentUrl\":\"https:\/\/linkpublicadjusters.com\/wp-content\/uploads\/elementor\/thumbs\/Hail-Damage-Link-pb1877qyv3e9y7lcjdvf70v3w74qcul6nb9rn1c9j4.jpg\"},{\"@type\":\"WebPage\",\"@id\":\"https:\/\/linkpublicadjusters.com\/es\/danos-por-granizo\/#webpage\",\"url\":\"https:\/\/linkpublicadjusters.com\/es\/danos-por-granizo\/\",\"name\":\"Da\u00f1os por Granizo - Link Public Adjusting Group\",\"isPartOf\":{\"@id\":\"https:\/\/linkpublicadjusters.com\/#website\"},\"primaryImageOfPage\":{\"@id\":\"https:\/\/linkpublicadjusters.com\/es\/danos-por-granizo\/#primaryimage\"},\"datePublished\":\"2021-08-02T17:39:24+00:00\",\"dateModified\":\"2022-03-19T17:50:16+00:00\",\"description\":\"Reclame sus da\u00f1os por granizo con la representaci\u00f3n de Link Public Adjusting Group. Contacte con nuestro equipo hoy mismo aqu\u00ed.\",\"breadcrumb\":{\"@id\":\"https:\/\/linkpublicadjusters.com\/es\/danos-por-granizo\/#breadcrumb\"},\"inLanguage\":\"es\",\"potentialAction\":[{\"@type\":\"ReadAction\",\"target\":[\"https:\/\/linkpublicadjusters.com\/es\/danos-por-granizo\/\"]}]},{\"@type\":\"BreadcrumbList\",\"@id\":\"https:\/\/linkpublicadjusters.com\/es\/danos-por-granizo\/#breadcrumb\",\"itemListElement\":[{\"@type\":\"ListItem\",\"position\":1,\"name\":\"Home\",\"item\":\"https:\/\/linkpublicadjusters.com\/es\/\"},{\"@type\":\"ListItem\",\"position\":2,\"name\":\"Da\u00f1os por Granizo\"}]}]}<\/script>\n<!-- \/ Yoast SEO plugin. -->","yoast_head_json":{"title":"Da\u00f1os por Granizo - Link Public Adjusting Group","description":"Reclame sus da\u00f1os por granizo con la representaci\u00f3n de Link Public Adjusting Group. Contacte con nuestro equipo hoy mismo aqu\u00ed.","robots":{"index":"index","follow":"follow","max-snippet":"max-snippet:-1","max-image-preview":"max-image-preview:large","max-video-preview":"max-video-preview:-1"},"canonical":"https:\/\/linkpublicadjusters.com\/es\/danos-por-granizo\/","og_locale":"es_ES","og_type":"article","og_title":"Da\u00f1os por Granizo - Link Public Adjusting Group","og_description":"Reclame sus da\u00f1os por granizo con la representaci\u00f3n de Link Public Adjusting Group. Contacte con nuestro equipo hoy mismo aqu\u00ed.","og_url":"https:\/\/linkpublicadjusters.com\/es\/danos-por-granizo\/","og_site_name":"Link Public Adjusting Group","article_publisher":"https:\/\/www.facebook.com\/LinkPublicAdjusting\/","article_modified_time":"2022-03-19T17:50:16+00:00","og_image":[{"url":"https:\/\/linkpublicadjusters.com\/wp-content\/uploads\/elementor\/thumbs\/Hail-Damage-Link-pb1877qyv3e9y7lcjdvf70v3w74qcul6nb9rn1c9j4.jpg"}],"twitter_card":"summary_large_image","twitter_misc":{"Tiempo de lectura":"3 minutos"},"schema":{"@context":"https:\/\/schema.org","@graph":[{"@type":"Organization","@id":"https:\/\/linkpublicadjusters.com\/#organization","name":"Link Public Adjusters Group","url":"https:\/\/linkpublicadjusters.com\/","sameAs":["https:\/\/www.facebook.com\/LinkPublicAdjusting\/","https:\/\/www.instagram.com\/linkpublicadjusting\/"],"logo":{"@type":"ImageObject","@id":"https:\/\/linkpublicadjusters.com\/#logo","inLanguage":"es","url":"https:\/\/linkpublicadjusters.com\/wp-content\/uploads\/2022\/02\/Link-PA-Logo.png","contentUrl":"https:\/\/linkpublicadjusters.com\/wp-content\/uploads\/2022\/02\/Link-PA-Logo.png","width":1000,"height":352,"caption":"Link Public Adjusters Group"},"image":{"@id":"https:\/\/linkpublicadjusters.com\/#logo"}},{"@type":"WebSite","@id":"https:\/\/linkpublicadjusters.com\/#website","url":"https:\/\/linkpublicadjusters.com\/","name":"Link Public Adjusting Group","description":"Just another WordPress site","publisher":{"@id":"https:\/\/linkpublicadjusters.com\/#organization"},"potentialAction":[{"@type":"SearchAction","target":{"@type":"EntryPoint","urlTemplate":"https:\/\/linkpublicadjusters.com\/?s={search_term_string}"},"query-input":"required name=search_term_string"}],"inLanguage":"es"},{"@type":"ImageObject","@id":"https:\/\/linkpublicadjusters.com\/es\/danos-por-granizo\/#primaryimage","inLanguage":"es","url":"https:\/\/linkpublicadjusters.com\/wp-content\/uploads\/elementor\/thumbs\/Hail-Damage-Link-pb1877qyv3e9y7lcjdvf70v3w74qcul6nb9rn1c9j4.jpg","contentUrl":"https:\/\/linkpublicadjusters.com\/wp-content\/uploads\/elementor\/thumbs\/Hail-Damage-Link-pb1877qyv3e9y7lcjdvf70v3w74qcul6nb9rn1c9j4.jpg"},{"@type":"WebPage","@id":"https:\/\/linkpublicadjusters.com\/es\/danos-por-granizo\/#webpage","url":"https:\/\/linkpublicadjusters.com\/es\/danos-por-granizo\/","name":"Da\u00f1os por Granizo - Link Public Adjusting Group","isPartOf":{"@id":"https:\/\/linkpublicadjusters.com\/#website"},"primaryImageOfPage":{"@id":"https:\/\/linkpublicadjusters.com\/es\/danos-por-granizo\/#primaryimage"},"datePublished":"2021-08-02T17:39:24+00:00","dateModified":"2022-03-19T17:50:16+00:00","description":"Reclame sus da\u00f1os por granizo con la representaci\u00f3n de Link Public Adjusting Group. Contacte con nuestro equipo hoy mismo aqu\u00ed.","breadcrumb":{"@id":"https:\/\/linkpublicadjusters.com\/es\/danos-por-granizo\/#breadcrumb"},"inLanguage":"es","potentialAction":[{"@type":"ReadAction","target":["https:\/\/linkpublicadjusters.com\/es\/danos-por-granizo\/"]}]},{"@type":"BreadcrumbList","@id":"https:\/\/linkpublicadjusters.com\/es\/danos-por-granizo\/#breadcrumb","itemListElement":[{"@type":"ListItem","position":1,"name":"Home","item":"https:\/\/linkpublicadjusters.com\/es\/"},{"@type":"ListItem","position":2,"name":"Da\u00f1os por Granizo"}]}]}},"_links":{"self":[{"href":"https:\/\/linkpublicadjusters.com\/es\/wp-json\/wp\/v2\/pages\/1380","targetHints":{"allow":["GET"]}}],"collection":[{"href":"https:\/\/linkpublicadjusters.com\/es\/wp-json\/wp\/v2\/pages"}],"about":[{"href":"https:\/\/linkpublicadjusters.com\/es\/wp-json\/wp\/v2\/types\/page"}],"author":[{"embeddable":true,"href":"https:\/\/linkpublicadjusters.com\/es\/wp-json\/wp\/v2\/users\/3"}],"replies":[{"embeddable":true,"href":"https:\/\/linkpublicadjusters.com\/es\/wp-json\/wp\/v2\/comments?post=1380"}],"version-history":[{"count":24,"href":"https:\/\/linkpublicadjusters.com\/es\/wp-json\/wp\/v2\/pages\/1380\/revisions"}],"predecessor-version":[{"id":2268,"href":"https:\/\/linkpublicadjusters.com\/es\/wp-json\/wp\/v2\/pages\/1380\/revisions\/2268"}],"wp:attachment":[{"href":"https:\/\/linkpublicadjusters.com\/es\/wp-json\/wp\/v2\/media?parent=1380"}],"curies":[{"name":"wp","href":"https:\/\/api.w.org\/{rel}","templated":true}]}}